{"id":141,"date":"2024-11-19T01:27:26","date_gmt":"2024-11-19T01:27:26","guid":{"rendered":"https:\/\/eichholtzbymashroom.com\/?page_id=141"},"modified":"2025-09-18T12:37:36","modified_gmt":"2025-09-18T12:37:36","slug":"o-nama","status":"publish","type":"page","link":"https:\/\/eichholtzbymashroom.com\/en\/o-nama\/","title":{"rendered":"About us"},"content":{"rendered":"\t\t<div data-elementor-type=\"wp-page\" data-elementor-id=\"141\" class=\"elementor elementor-141\" data-elementor-post-type=\"page\">\n\t\t\t\t<div class=\"elementor-element elementor-element-c70996d e-con-full e-flex e-con e-parent\" data-id=\"c70996d\" data-element_type=\"container\" data-e-type=\"container\" data-settings=\"{&quot;background_background&quot;:&quot;classic&quot;,&quot;background_motion_fx_motion_fx_scrolling&quot;:&quot;yes&quot;,&quot;background_motion_fx_devices&quot;:[&quot;desktop&quot;,&quot;tablet&quot;,&quot;mobile&quot;]}\">\n\t\t\t\t<div class=\"elementor-element elementor-element-833f3b3 elementor-widget elementor-widget-heading\" data-id=\"833f3b3\" data-element_type=\"widget\" data-e-type=\"widget\" data-widget_type=\"heading.default\">\n\t\t\t\t<div class=\"elementor-widget-container\">\n\t\t\t\t\t<h1 class=\"elementor-heading-title elementor-size-default\">O nama<\/h1>\t\t\t\t<\/div>\n\t\t\t\t<\/div>\n\t\t\t\t<\/div>\n\t\t<div class=\"elementor-element elementor-element-af6c298 e-con-full e-flex e-con e-parent\" data-id=\"af6c298\" data-element_type=\"container\" data-e-type=\"container\" data-settings=\"{&quot;background_background&quot;:&quot;classic&quot;}\">\n\t\t\t\t<div class=\"elementor-element elementor-element-a9b8d54 elementor-widget elementor-widget-text-editor\" data-id=\"a9b8d54\" data-element_type=\"widget\" data-e-type=\"widget\" data-widget_type=\"text-editor.default\">\n\t\t\t\t<div class=\"elementor-widget-container\">\n\t\t\t\t\t\t\t\t\t<p><span><span><a href=\"https:\/\/eichholtzbymashroom.com\/\">Po\u010detna stranica<\/a><\/span><\/span><\/p>\t\t\t\t\t\t\t\t<\/div>\n\t\t\t\t<\/div>\n\t\t\t\t<\/div>\n\t\t<div class=\"elementor-element elementor-element-7595a4d e-flex e-con-boxed e-con e-parent\" data-id=\"7595a4d\" data-element_type=\"container\" data-e-type=\"container\">\n\t\t\t\t\t<div class=\"e-con-inner\">\n\t\t\t\t<div class=\"elementor-element elementor-element-95cf65e elementor-widget__width-auto elementor-widget elementor-widget-text-editor\" data-id=\"95cf65e\" data-element_type=\"widget\" data-e-type=\"widget\" data-widget_type=\"text-editor.default\">\n\t\t\t\t<div class=\"elementor-widget-container\">\n\t\t\t\t\t\t\t\t\t<p>Od svog osnutka 2007. godine, Mashroom je sinonim za sofisticiranost u svijetu dizajna interijera i eksterijera. Kao ekskluzivni distributer Eichholtz dizajnerskog namje\u0161taja, Mashroom se etablirao kao kulturno sredi\u0161te, nude\u0107i raznolik asortiman proizvoda koji podi\u017eu \u017eivotne prostore na neusporedive razine elegancije.<\/p><p>U sredi\u0161tu Mashroom-ove pri\u010de nalazi se njegova vizionarska osniva\u010dica, Ma\u0161a Kova\u010d, \u010dija je strast prema dizajnu interijera i poduzetni\u0161tvu bila pokreta\u010dka snaga za redefiniranje ponude namje\u0161taja u Hrvatskoj. S dubokom ljubavlju prema estetici i \u017eeljom da ostavi trajan utjecaj, Ma\u0161a je odlu\u010dila predstaviti hrvatskim zaljubljenicima svijet luksuznog namje\u0161taja.<\/p><p>Mashroom je dokaz Ma\u0161ine predanosti svom zanatu i njezine nepokolebljive posve\u0107enosti pru\u017eanju samo najboljeg u dizajnerskoj izvrsnosti. Svaki pa\u017eljivo odabrani komad namje\u0161taja poziva klijente na putovanje pro\u017eeto profinjeno\u0161\u0107u i nenadma\u0161nim stilom.<\/p><p>Mashroom nije samo trgovac namje\u0161tajem \u2013 on je postao kulturno svjetionik, okupljaju\u0107i zajednicu istomi\u0161ljenika koji dijele strast prema inovacijama u dizajnu. Od elegantnog interijera do luksuznog namje\u0161taja za eksterijere, Mashroom-ova bogata kolekcija zadovoljava svaki aspekt modernog \u017eivota, pretvaraju\u0107i obi\u010dne prostore u izvanredna uto\u010di\u0161ta.<\/p><p>Kao ekskluzivni distributer Eichholtz dizajnerskog namje\u0161taja, Mashroom osigurava da svaki komad utjelovljuje bezvremensku eleganciju i nenadma\u0161nu umjetnost izrade. S nepogre\u0161ivim okom za detalje i nepokolebljivom predano\u0161\u0107u kvaliteti, svaki predmet u Mashroom-ovoj ponudi odra\u017eava skladnu kombinaciju sofisticiranosti i funkcionalnosti.<\/p><p>Bilo da tra\u017eite upe\u010datljive komade koji odi\u0161u luksuzom za ure\u0111enje va\u0161eg doma ili \u017eelite stvoriti vanjske oaze mira, Mashroom nudi jedinstven izbor prilago\u0111en svakom profinjenom ukusu.<\/p><p>U svijetu u kojem je dizajn sinonim za samoizra\u017eavanje, Mashroom stoji kao izvor inspiracije, osna\u017euju\u0107i pojedince da oblikuju prostore koji odra\u017eavaju njihov jedinstveni identitet i osobni stil. S Ma\u0161om Kova\u010d na \u010delu, Mashroom nastavlja redefinirati granice dizajnerske izvrsnosti, postavljaju\u0107i nove standarde sofisticiranosti i luksuza u Hrvatskoj i \u0161ire.<\/p>\t\t\t\t\t\t\t\t<\/div>\n\t\t\t\t<\/div>\n\t\t\t\t\t<\/div>\n\t\t\t\t<\/div>\n\t\t\t\t<\/div>\n\t\t","protected":false},"excerpt":{"rendered":"<p>O nama Od svog osnutka 2007. godine, Mashroom je sinonim za sofisticiranost u svijetu dizajna interijera i eksterijera. Kao ekskluzivni distributer Eichholtz dizajnerskog namje\u0161taja, Mashroom se etablirao kao kulturno sredi\u0161te, nude\u0107i raznolik asortiman proizvoda koji podi\u017eu \u017eivotne prostore na neusporedive razine elegancije. U sredi\u0161tu Mashroom-ove pri\u010de nalazi se njegova vizionarska osniva\u010dica, Ma\u0161a Kova\u010d, \u010dija je [&hellip;]<\/p>\n","protected":false},"author":1,"featured_media":0,"parent":0,"menu_order":0,"comment_status":"closed","ping_status":"closed","template":"","meta":{"footnotes":""},"class_list":["post-141","page","type-page","status-publish","hentry"],"yoast_head":"<!-- This site is optimized with the Yoast SEO plugin v27.4 - https:\/\/yoast.com\/product\/yoast-seo-wordpress\/ -->\n<title>O nama - MASHROOM<\/title>\n<meta name=\"description\" content=\"O nama \u2013 upoznajte pri\u010du iza Mashroom &amp; Eichholtz by Mashroom: na\u0161a vizija, vrijednosti i predanost dizajnu.\" \/>\n<meta name=\"robots\" content=\"index, follow, max-snippet:-1, max-image-preview:large, max-video-preview:-1\" \/>\n<link rel=\"canonical\" href=\"https:\/\/eichholtzbymashroom.com\/en\/o-nama\/\" \/>\n<meta property=\"og:locale\" content=\"en_GB\" \/>\n<meta property=\"og:type\" content=\"article\" \/>\n<meta property=\"og:title\" content=\"O nama - MASHROOM\" \/>\n<meta property=\"og:description\" content=\"O nama \u2013 upoznajte pri\u010du iza Mashroom &amp; Eichholtz by Mashroom: na\u0161a vizija, vrijednosti i predanost dizajnu.\" \/>\n<meta property=\"og:url\" content=\"https:\/\/eichholtzbymashroom.com\/en\/o-nama\/\" \/>\n<meta property=\"og:site_name\" content=\"MASHROOM\" \/>\n<meta property=\"article:modified_time\" content=\"2025-09-18T12:37:36+00:00\" \/>\n<meta name=\"twitter:card\" content=\"summary_large_image\" \/>\n<meta name=\"twitter:label1\" content=\"Estimated reading time\" \/>\n\t<meta name=\"twitter:data1\" content=\"2 minutes\" \/>\n<script type=\"application\/ld+json\" class=\"yoast-schema-graph\">{\"@context\":\"https:\\\/\\\/schema.org\",\"@graph\":[{\"@type\":\"WebPage\",\"@id\":\"https:\\\/\\\/eichholtzbymashroom.com\\\/o-nama\\\/\",\"url\":\"https:\\\/\\\/eichholtzbymashroom.com\\\/o-nama\\\/\",\"name\":\"O nama - MASHROOM\",\"isPartOf\":{\"@id\":\"https:\\\/\\\/eichholtzbymashroom.com\\\/#website\"},\"datePublished\":\"2024-11-19T01:27:26+00:00\",\"dateModified\":\"2025-09-18T12:37:36+00:00\",\"description\":\"O nama \u2013 upoznajte pri\u010du iza Mashroom & Eichholtz by Mashroom: na\u0161a vizija, vrijednosti i predanost dizajnu.\",\"breadcrumb\":{\"@id\":\"https:\\\/\\\/eichholtzbymashroom.com\\\/o-nama\\\/#breadcrumb\"},\"inLanguage\":\"en-GB\",\"potentialAction\":[{\"@type\":\"ReadAction\",\"target\":[\"https:\\\/\\\/eichholtzbymashroom.com\\\/o-nama\\\/\"]}]},{\"@type\":\"BreadcrumbList\",\"@id\":\"https:\\\/\\\/eichholtzbymashroom.com\\\/o-nama\\\/#breadcrumb\",\"itemListElement\":[{\"@type\":\"ListItem\",\"position\":1,\"name\":\"Po\u010detna stranica\",\"item\":\"https:\\\/\\\/eichholtzbymashroom.com\\\/\"},{\"@type\":\"ListItem\",\"position\":2,\"name\":\"O nama\"}]},{\"@type\":\"WebSite\",\"@id\":\"https:\\\/\\\/eichholtzbymashroom.com\\\/#website\",\"url\":\"https:\\\/\\\/eichholtzbymashroom.com\\\/\",\"name\":\"MASHROOM\",\"description\":\"Luksuzni namje\u0161taj koji inspirira\",\"publisher\":{\"@id\":\"https:\\\/\\\/eichholtzbymashroom.com\\\/#organization\"},\"potentialAction\":[{\"@type\":\"SearchAction\",\"target\":{\"@type\":\"EntryPoint\",\"urlTemplate\":\"https:\\\/\\\/eichholtzbymashroom.com\\\/?s={search_term_string}\"},\"query-input\":{\"@type\":\"PropertyValueSpecification\",\"valueRequired\":true,\"valueName\":\"search_term_string\"}}],\"inLanguage\":\"en-GB\"},{\"@type\":\"Organization\",\"@id\":\"https:\\\/\\\/eichholtzbymashroom.com\\\/#organization\",\"name\":\"MASHROOM\",\"url\":\"https:\\\/\\\/eichholtzbymashroom.com\\\/\",\"logo\":{\"@type\":\"ImageObject\",\"inLanguage\":\"en-GB\",\"@id\":\"https:\\\/\\\/eichholtzbymashroom.com\\\/#\\\/schema\\\/logo\\\/image\\\/\",\"url\":\"https:\\\/\\\/eichholtzbymashroom.com\\\/wp-content\\\/uploads\\\/2024\\\/11\\\/header-crno.webp\",\"contentUrl\":\"https:\\\/\\\/eichholtzbymashroom.com\\\/wp-content\\\/uploads\\\/2024\\\/11\\\/header-crno.webp\",\"width\":600,\"height\":150,\"caption\":\"MASHROOM\"},\"image\":{\"@id\":\"https:\\\/\\\/eichholtzbymashroom.com\\\/#\\\/schema\\\/logo\\\/image\\\/\"},\"sameAs\":[\"https:\\\/\\\/www.instagram.com\\\/mashroom_store_zagreb\\\/?hl=en\"]}]}<\/script>\n<!-- \/ Yoast SEO plugin. -->","yoast_head_json":{"title":"O nama - MASHROOM","description":"O nama \u2013 upoznajte pri\u010du iza Mashroom & Eichholtz by Mashroom: na\u0161a vizija, vrijednosti i predanost dizajnu.","robots":{"index":"index","follow":"follow","max-snippet":"max-snippet:-1","max-image-preview":"max-image-preview:large","max-video-preview":"max-video-preview:-1"},"canonical":"https:\/\/eichholtzbymashroom.com\/en\/o-nama\/","og_locale":"en_GB","og_type":"article","og_title":"O nama - MASHROOM","og_description":"O nama \u2013 upoznajte pri\u010du iza Mashroom & Eichholtz by Mashroom: na\u0161a vizija, vrijednosti i predanost dizajnu.","og_url":"https:\/\/eichholtzbymashroom.com\/en\/o-nama\/","og_site_name":"MASHROOM","article_modified_time":"2025-09-18T12:37:36+00:00","twitter_card":"summary_large_image","twitter_misc":{"Estimated reading time":"2 minutes"},"schema":{"@context":"https:\/\/schema.org","@graph":[{"@type":"WebPage","@id":"https:\/\/eichholtzbymashroom.com\/o-nama\/","url":"https:\/\/eichholtzbymashroom.com\/o-nama\/","name":"O nama - MASHROOM","isPartOf":{"@id":"https:\/\/eichholtzbymashroom.com\/#website"},"datePublished":"2024-11-19T01:27:26+00:00","dateModified":"2025-09-18T12:37:36+00:00","description":"O nama \u2013 upoznajte pri\u010du iza Mashroom & Eichholtz by Mashroom: na\u0161a vizija, vrijednosti i predanost dizajnu.","breadcrumb":{"@id":"https:\/\/eichholtzbymashroom.com\/o-nama\/#breadcrumb"},"inLanguage":"en-GB","potentialAction":[{"@type":"ReadAction","target":["https:\/\/eichholtzbymashroom.com\/o-nama\/"]}]},{"@type":"BreadcrumbList","@id":"https:\/\/eichholtzbymashroom.com\/o-nama\/#breadcrumb","itemListElement":[{"@type":"ListItem","position":1,"name":"Po\u010detna stranica","item":"https:\/\/eichholtzbymashroom.com\/"},{"@type":"ListItem","position":2,"name":"O nama"}]},{"@type":"WebSite","@id":"https:\/\/eichholtzbymashroom.com\/#website","url":"https:\/\/eichholtzbymashroom.com\/","name":"MASHROOM","description":"Luxury furniture that inspires","publisher":{"@id":"https:\/\/eichholtzbymashroom.com\/#organization"},"potentialAction":[{"@type":"SearchAction","target":{"@type":"EntryPoint","urlTemplate":"https:\/\/eichholtzbymashroom.com\/?s={search_term_string}"},"query-input":{"@type":"PropertyValueSpecification","valueRequired":true,"valueName":"search_term_string"}}],"inLanguage":"en-GB"},{"@type":"Organization","@id":"https:\/\/eichholtzbymashroom.com\/#organization","name":"MASHROOM","url":"https:\/\/eichholtzbymashroom.com\/","logo":{"@type":"ImageObject","inLanguage":"en-GB","@id":"https:\/\/eichholtzbymashroom.com\/#\/schema\/logo\/image\/","url":"https:\/\/eichholtzbymashroom.com\/wp-content\/uploads\/2024\/11\/header-crno.webp","contentUrl":"https:\/\/eichholtzbymashroom.com\/wp-content\/uploads\/2024\/11\/header-crno.webp","width":600,"height":150,"caption":"MASHROOM"},"image":{"@id":"https:\/\/eichholtzbymashroom.com\/#\/schema\/logo\/image\/"},"sameAs":["https:\/\/www.instagram.com\/mashroom_store_zagreb\/?hl=en"]}]}},"_links":{"self":[{"href":"https:\/\/eichholtzbymashroom.com\/en\/wp-json\/wp\/v2\/pages\/141","targetHints":{"allow":["GET"]}}],"collection":[{"href":"https:\/\/eichholtzbymashroom.com\/en\/wp-json\/wp\/v2\/pages"}],"about":[{"href":"https:\/\/eichholtzbymashroom.com\/en\/wp-json\/wp\/v2\/types\/page"}],"author":[{"embeddable":true,"href":"https:\/\/eichholtzbymashroom.com\/en\/wp-json\/wp\/v2\/users\/1"}],"replies":[{"embeddable":true,"href":"https:\/\/eichholtzbymashroom.com\/en\/wp-json\/wp\/v2\/comments?post=141"}],"version-history":[{"count":44,"href":"https:\/\/eichholtzbymashroom.com\/en\/wp-json\/wp\/v2\/pages\/141\/revisions"}],"predecessor-version":[{"id":1392,"href":"https:\/\/eichholtzbymashroom.com\/en\/wp-json\/wp\/v2\/pages\/141\/revisions\/1392"}],"wp:attachment":[{"href":"https:\/\/eichholtzbymashroom.com\/en\/wp-json\/wp\/v2\/media?parent=141"}],"curies":[{"name":"wp","href":"https:\/\/api.w.org\/{rel}","templated":true}]}}