{"id":205,"date":"2024-11-19T03:04:52","date_gmt":"2024-11-19T03:04:52","guid":{"rendered":"https:\/\/eichholtzbymashroom.com\/?page_id=205"},"modified":"2025-09-18T12:26:39","modified_gmt":"2025-09-18T12:26:39","slug":"politika-privatnosti","status":"publish","type":"page","link":"https:\/\/eichholtzbymashroom.com\/en\/politika-privatnosti\/","title":{"rendered":"Privacy policy"},"content":{"rendered":"\t\t<div data-elementor-type=\"wp-page\" data-elementor-id=\"205\" class=\"elementor elementor-205\" data-elementor-post-type=\"page\">\n\t\t\t\t<div class=\"elementor-element elementor-element-b037d50 e-con-full e-flex e-con e-parent\" data-id=\"b037d50\" data-element_type=\"container\" data-e-type=\"container\" data-settings=\"{&quot;background_background&quot;:&quot;classic&quot;,&quot;background_motion_fx_motion_fx_scrolling&quot;:&quot;yes&quot;,&quot;background_motion_fx_devices&quot;:[&quot;desktop&quot;,&quot;tablet&quot;,&quot;mobile&quot;]}\">\n\t\t\t\t<div class=\"elementor-element elementor-element-dc17a08 elementor-widget elementor-widget-heading\" data-id=\"dc17a08\" data-element_type=\"widget\" data-e-type=\"widget\" data-widget_type=\"heading.default\">\n\t\t\t\t<div class=\"elementor-widget-container\">\n\t\t\t\t\t<h1 class=\"elementor-heading-title elementor-size-default\">Politika privatnosti<\/h1>\t\t\t\t<\/div>\n\t\t\t\t<\/div>\n\t\t\t\t<\/div>\n\t\t<div class=\"elementor-element elementor-element-e5f18ee e-con-full e-flex e-con e-parent\" data-id=\"e5f18ee\" data-element_type=\"container\" data-e-type=\"container\" data-settings=\"{&quot;background_background&quot;:&quot;classic&quot;}\">\n\t\t\t\t<div class=\"elementor-element elementor-element-17fc392 elementor-widget elementor-widget-text-editor\" data-id=\"17fc392\" data-element_type=\"widget\" data-e-type=\"widget\" data-widget_type=\"text-editor.default\">\n\t\t\t\t<div class=\"elementor-widget-container\">\n\t\t\t\t\t\t\t\t\t<p><span><span><a href=\"https:\/\/eichholtzbymashroom.com\/\">Po\u010detna stranica<\/a><\/span><\/span><\/p>\t\t\t\t\t\t\t\t<\/div>\n\t\t\t\t<\/div>\n\t\t\t\t<\/div>\n\t\t<div class=\"elementor-element elementor-element-5bbf4a7 e-flex e-con-boxed e-con e-parent\" data-id=\"5bbf4a7\" data-element_type=\"container\" data-e-type=\"container\">\n\t\t\t\t\t<div class=\"e-con-inner\">\n\t\t\t\t<div class=\"elementor-element elementor-element-b8e0574 elementor-widget elementor-widget-text-editor\" data-id=\"b8e0574\" data-element_type=\"widget\" data-e-type=\"widget\" data-widget_type=\"text-editor.default\">\n\t\t\t\t<div class=\"elementor-widget-container\">\n\t\t\t\t\t\t\t\t\t<p>Ova obavijest o privatnosti govori Vam \u0161to mo\u017eete o\u010dekivati kada dru\u0161tvo Angelus Domus d.o.o., Medvedgradska ulica 10, 10000 Zagreb, OIB: 09428053335 (u daljnjem tekstu: ANGELUS DOMUS) prikuplja osobne podatke o Vama kada koristite usluge na\u0161eg dru\u0161tva.<\/p><p>ANGELUS DOMUS se obvezuje za\u0161tititi Va\u0161e osobne podatke kada koristite na\u0161e usluge. Kad nam pru\u017eite takve informacije, Va\u0161e \u0107emo podatke koristiti samo u skladu sa svim primjenjivim zakonima o za\u0161titi podataka, uklju\u010duju\u0107i Op\u0107u uredbu o za\u0161titi podataka (GDPR). Va\u0161i \u0107e se podaci \u010duvati u sigurnom okru\u017eenju, a pristup \u0107e biti ograni\u010den.<\/p><p>Obe\u0107avamo prikupljanje, kori\u0161tenje i pohranjivanje Va\u0161ih osobnih podataka \u010diniti na siguran na\u010din. Obe\u0107avamo da \u0107emo koristiti Va\u0161e osobne podatke transparentno i samo za odre\u0111ene svrhe. Obe\u0107avamo da \u0107emo Vas informirati o na\u010dinu na koji upotrebljavamo Va\u0161e podatke i kome ih dajemo.<\/p><p>\u00a0<\/p><p><strong>Koje \u0107emo podatke prikupljati o Vama?<\/strong><\/p><p>Osobni podaci koje prikupljamo vezani su za razlog prikupljanja. U ve\u0107ini slu\u010dajeva radi se o osnovnim osobnim podacima poput:<\/p><ul><li>Ime i prezime<\/li><li>OIB<\/li><li>Adresa<\/li><li>E-mail adresa<\/li><li>Datum ro\u0111enja<\/li><li>Kontakt podaci<\/li><li>Potpis<\/li><\/ul><p>\u00a0<\/p><p><strong>Kako koristimo va\u0161e podatke?<\/strong><\/p><p>Va\u0161i podaci mogu se koristiti za:<\/p><ol><li>\u00a0Pripremu i sklapanje ugovora: Nu\u017ene radnje za pru\u017eanje usluga ili proizvoda.<\/li><li>\u00a0Ispunjenje ugovora: Pru\u017eanje dogovorenih usluga ili proizvoda.<\/li><li>\u00a0Legitimne poslovne svrhe: Uvijek s obzirom na va\u0161a prava i interese.<\/li><li>\u00a0Ispunjavanje zakonskih obveza: Sukladno va\u017ee\u0107im zakonima.<\/li><li>\u00a0Odgovore na upite i pritu\u017ebe.<\/li><li>Marketin\u0161ku komunikaciju:<ul><li>Samo uz va\u0161u jasnu suglasnost, mo\u017eemo vas obavje\u0161tavati o na\u0161im proizvodima i uslugama.<\/li><li>Uvijek imate pravo isklju\u010diti se iz primanja marketin\u0161kih poruka.<\/li><\/ul><\/li><\/ol><p>\u00a0<\/p><p><strong>Va\u0161i podaci mogu biti dijeljeni s:<\/strong><\/p><ul><li>Tre\u0107im stranama: Kao \u0161to su dostavne slu\u017ebe ili pru\u017eatelji platnih usluga, isklju\u010divo u svrhe izvr\u0161enja usluga.<\/li><li>Dr\u017eavnim tijelima: Samo kada to nala\u017ee zakon.<\/li><\/ul><p>Va\u0161a sigurnost je na\u0161 prioritet, stoga osiguravamo da svi tre\u0107i partneri pridr\u017eavaju se najvi\u0161ih sigurnosnih standarda.<\/p><p>\u00a0<\/p><p><strong>Koliko dugo \u010duvamo va\u0161e podatke?<\/strong><\/p><p>Va\u0161i osobni podaci \u010duvaju se onoliko dugo koliko je potrebno za ispunjenje zakonskih i ugovornih obveza ili za svrhu za koju su prikupljeni. Marketin\u0161ke podatke zadr\u017eavamo dok va\u0161a privola ostane aktivna.<\/p><p>\u00a0<\/p><p><strong>Koja su va\u0161a prava?<\/strong><\/p><p>Sukladno GDPR-u, imate pravo na:<\/p><ul><li>Pristup podacima: Mo\u017eete zatra\u017eiti informacije o obradi va\u0161ih osobnih podataka.<\/li><li>Ispravak ili brisanje podataka: Ako su podaci neto\u010dni ili \u017eelite ograni\u010diti njihovu obradu.<\/li><li>Prijenos podataka: Prijenos va\u0161ih podataka drugom voditelju obrade.<\/li><li>Prigovor: Na obradu podataka, uklju\u010duju\u0107i za svrhe izravnog marketinga.<\/li><li>Pritu\u017ebu nadzornom tijelu: Ako smatrate da su va\u0161a prava povrije\u0111ena.<\/li><\/ul><p>\u00a0<\/p><p><strong>Kola\u010di\u0107i (Cookies)<\/strong><\/p><p>Na\u0161a web stranica koristi kola\u010di\u0107e za pobolj\u0161anje va\u0161eg iskustva pregledavanja. Kola\u010di\u0107i omogu\u0107uju stranici da zapamti va\u0161e postavke, poput jezika i preferencija, te osigurava bolje funkcioniranje stranice.<\/p><ul><li>\u0160to su kola\u010di\u0107i? Kola\u010di\u0107i su male datoteke koje va\u0161 preglednik sprema na va\u0161e ra\u010dunalo. Spremaju postavke stranice, \u0161to omogu\u0107uje prilago\u0111eno iskustvo prilikom ponovnog posjeta.<\/li><li>Kako upravljati kola\u010di\u0107ima? Kola\u010di\u0107i se mogu isklju\u010diti ili ukloniti putem postavki va\u0161eg preglednika. Imajte na umu da onemogu\u0107avanjem kola\u010di\u0107a odre\u0111ene funkcionalnosti stranice mo\u017eda ne\u0107e raditi ispravno.<\/li><\/ul><p>\u00a0<\/p><p><strong>Va\u0161a prava na privatnost<\/strong><\/p><ol><li>Pristup podacima: Mo\u017eete zatra\u017eiti informacije o tome koje podatke posjedujemo i kako ih obra\u0111ujemo.<\/li><li>Ispravak ili brisanje: Ako su podaci neto\u010dni ili \u017eelite da se uklone.<\/li><li>Prijenos podataka: Prenesite podatke drugom pru\u017eatelju usluga.<\/li><li>Prigovor: Mo\u017eete prigovoriti obradi podataka ili njihovoj upotrebi u marketin\u0161ke svrhe.<\/li><li>Pritu\u017ebe: Kontaktirajte nas ili nadzorno tijelo za za\u0161titu podataka ako smatrate da su va\u0161a prava povrije\u0111ena.<\/li><\/ol><p>Ako imate bilo kakvih pitanja ili \u017eelite ostvariti svoja prava, slobodno nas kontaktirajte putem na\u0161eg kontakt obrasca ili na e-mail: <strong><a rel=\"noopener\">info@mashroom.hr<\/a><\/strong>.<\/p>\t\t\t\t\t\t\t\t<\/div>\n\t\t\t\t<\/div>\n\t\t\t\t\t<\/div>\n\t\t\t\t<\/div>\n\t\t\t\t<\/div>\n\t\t","protected":false},"excerpt":{"rendered":"<p>Politika privatnosti Ova obavijest o privatnosti govori Vam \u0161to mo\u017eete o\u010dekivati kada dru\u0161tvo Angelus Domus d.o.o., Medvedgradska ulica 10, 10000 Zagreb, OIB: 09428053335 (u daljnjem tekstu: ANGELUS DOMUS) prikuplja osobne podatke o Vama kada koristite usluge na\u0161eg dru\u0161tva. ANGELUS DOMUS se obvezuje za\u0161tititi Va\u0161e osobne podatke kada koristite na\u0161e usluge. Kad nam pru\u017eite takve informacije, [&hellip;]<\/p>\n","protected":false},"author":1,"featured_media":0,"parent":0,"menu_order":0,"comment_status":"closed","ping_status":"closed","template":"","meta":{"footnotes":""},"class_list":["post-205","page","type-page","status-publish","hentry"],"yoast_head":"<!-- This site is optimized with the Yoast SEO plugin v27.4 - https:\/\/yoast.com\/product\/yoast-seo-wordpress\/ -->\n<title>Politika privatnosti - MASHROOM<\/title>\n<meta name=\"description\" content=\"Showroom Eichholtz by Mashroom u Zagrebu nudi ekskluzivan izbor luksuznog namje\u0161taja, rasvjete i dekoracija.\" \/>\n<meta name=\"robots\" content=\"index, follow, max-snippet:-1, max-image-preview:large, max-video-preview:-1\" \/>\n<link rel=\"canonical\" href=\"https:\/\/eichholtzbymashroom.com\/en\/politika-privatnosti\/\" \/>\n<meta property=\"og:locale\" content=\"en_GB\" \/>\n<meta property=\"og:type\" content=\"article\" \/>\n<meta property=\"og:title\" content=\"Politika privatnosti - MASHROOM\" \/>\n<meta property=\"og:description\" content=\"Showroom Eichholtz by Mashroom u Zagrebu nudi ekskluzivan izbor luksuznog namje\u0161taja, rasvjete i dekoracija.\" \/>\n<meta property=\"og:url\" content=\"https:\/\/eichholtzbymashroom.com\/en\/politika-privatnosti\/\" \/>\n<meta property=\"og:site_name\" content=\"MASHROOM\" \/>\n<meta property=\"article:modified_time\" content=\"2025-09-18T12:26:39+00:00\" \/>\n<meta name=\"twitter:card\" content=\"summary_large_image\" \/>\n<meta name=\"twitter:label1\" content=\"Estimated reading time\" \/>\n\t<meta name=\"twitter:data1\" content=\"3 minutes\" \/>\n<script type=\"application\/ld+json\" class=\"yoast-schema-graph\">{\"@context\":\"https:\\\/\\\/schema.org\",\"@graph\":[{\"@type\":\"WebPage\",\"@id\":\"https:\\\/\\\/eichholtzbymashroom.com\\\/politika-privatnosti\\\/\",\"url\":\"https:\\\/\\\/eichholtzbymashroom.com\\\/politika-privatnosti\\\/\",\"name\":\"Politika privatnosti - MASHROOM\",\"isPartOf\":{\"@id\":\"https:\\\/\\\/eichholtzbymashroom.com\\\/#website\"},\"datePublished\":\"2024-11-19T03:04:52+00:00\",\"dateModified\":\"2025-09-18T12:26:39+00:00\",\"description\":\"Showroom Eichholtz by Mashroom u Zagrebu nudi ekskluzivan izbor luksuznog namje\u0161taja, rasvjete i dekoracija.\",\"breadcrumb\":{\"@id\":\"https:\\\/\\\/eichholtzbymashroom.com\\\/politika-privatnosti\\\/#breadcrumb\"},\"inLanguage\":\"en-GB\",\"potentialAction\":[{\"@type\":\"ReadAction\",\"target\":[\"https:\\\/\\\/eichholtzbymashroom.com\\\/politika-privatnosti\\\/\"]}]},{\"@type\":\"BreadcrumbList\",\"@id\":\"https:\\\/\\\/eichholtzbymashroom.com\\\/politika-privatnosti\\\/#breadcrumb\",\"itemListElement\":[{\"@type\":\"ListItem\",\"position\":1,\"name\":\"Po\u010detna stranica\",\"item\":\"https:\\\/\\\/eichholtzbymashroom.com\\\/\"},{\"@type\":\"ListItem\",\"position\":2,\"name\":\"Politika privatnosti\"}]},{\"@type\":\"WebSite\",\"@id\":\"https:\\\/\\\/eichholtzbymashroom.com\\\/#website\",\"url\":\"https:\\\/\\\/eichholtzbymashroom.com\\\/\",\"name\":\"MASHROOM\",\"description\":\"Luksuzni namje\u0161taj koji inspirira\",\"publisher\":{\"@id\":\"https:\\\/\\\/eichholtzbymashroom.com\\\/#organization\"},\"potentialAction\":[{\"@type\":\"SearchAction\",\"target\":{\"@type\":\"EntryPoint\",\"urlTemplate\":\"https:\\\/\\\/eichholtzbymashroom.com\\\/?s={search_term_string}\"},\"query-input\":{\"@type\":\"PropertyValueSpecification\",\"valueRequired\":true,\"valueName\":\"search_term_string\"}}],\"inLanguage\":\"en-GB\"},{\"@type\":\"Organization\",\"@id\":\"https:\\\/\\\/eichholtzbymashroom.com\\\/#organization\",\"name\":\"MASHROOM\",\"url\":\"https:\\\/\\\/eichholtzbymashroom.com\\\/\",\"logo\":{\"@type\":\"ImageObject\",\"inLanguage\":\"en-GB\",\"@id\":\"https:\\\/\\\/eichholtzbymashroom.com\\\/#\\\/schema\\\/logo\\\/image\\\/\",\"url\":\"https:\\\/\\\/eichholtzbymashroom.com\\\/wp-content\\\/uploads\\\/2024\\\/11\\\/header-crno.webp\",\"contentUrl\":\"https:\\\/\\\/eichholtzbymashroom.com\\\/wp-content\\\/uploads\\\/2024\\\/11\\\/header-crno.webp\",\"width\":600,\"height\":150,\"caption\":\"MASHROOM\"},\"image\":{\"@id\":\"https:\\\/\\\/eichholtzbymashroom.com\\\/#\\\/schema\\\/logo\\\/image\\\/\"},\"sameAs\":[\"https:\\\/\\\/www.instagram.com\\\/mashroom_store_zagreb\\\/?hl=en\"]}]}<\/script>\n<!-- \/ Yoast SEO plugin. -->","yoast_head_json":{"title":"Politika privatnosti - MASHROOM","description":"Showroom Eichholtz by Mashroom u Zagrebu nudi ekskluzivan izbor luksuznog namje\u0161taja, rasvjete i dekoracija.","robots":{"index":"index","follow":"follow","max-snippet":"max-snippet:-1","max-image-preview":"max-image-preview:large","max-video-preview":"max-video-preview:-1"},"canonical":"https:\/\/eichholtzbymashroom.com\/en\/politika-privatnosti\/","og_locale":"en_GB","og_type":"article","og_title":"Politika privatnosti - MASHROOM","og_description":"Showroom Eichholtz by Mashroom u Zagrebu nudi ekskluzivan izbor luksuznog namje\u0161taja, rasvjete i dekoracija.","og_url":"https:\/\/eichholtzbymashroom.com\/en\/politika-privatnosti\/","og_site_name":"MASHROOM","article_modified_time":"2025-09-18T12:26:39+00:00","twitter_card":"summary_large_image","twitter_misc":{"Estimated reading time":"3 minutes"},"schema":{"@context":"https:\/\/schema.org","@graph":[{"@type":"WebPage","@id":"https:\/\/eichholtzbymashroom.com\/politika-privatnosti\/","url":"https:\/\/eichholtzbymashroom.com\/politika-privatnosti\/","name":"Politika privatnosti - MASHROOM","isPartOf":{"@id":"https:\/\/eichholtzbymashroom.com\/#website"},"datePublished":"2024-11-19T03:04:52+00:00","dateModified":"2025-09-18T12:26:39+00:00","description":"Showroom Eichholtz by Mashroom u Zagrebu nudi ekskluzivan izbor luksuznog namje\u0161taja, rasvjete i dekoracija.","breadcrumb":{"@id":"https:\/\/eichholtzbymashroom.com\/politika-privatnosti\/#breadcrumb"},"inLanguage":"en-GB","potentialAction":[{"@type":"ReadAction","target":["https:\/\/eichholtzbymashroom.com\/politika-privatnosti\/"]}]},{"@type":"BreadcrumbList","@id":"https:\/\/eichholtzbymashroom.com\/politika-privatnosti\/#breadcrumb","itemListElement":[{"@type":"ListItem","position":1,"name":"Po\u010detna stranica","item":"https:\/\/eichholtzbymashroom.com\/"},{"@type":"ListItem","position":2,"name":"Politika privatnosti"}]},{"@type":"WebSite","@id":"https:\/\/eichholtzbymashroom.com\/#website","url":"https:\/\/eichholtzbymashroom.com\/","name":"MASHROOM","description":"Luxury furniture that inspires","publisher":{"@id":"https:\/\/eichholtzbymashroom.com\/#organization"},"potentialAction":[{"@type":"SearchAction","target":{"@type":"EntryPoint","urlTemplate":"https:\/\/eichholtzbymashroom.com\/?s={search_term_string}"},"query-input":{"@type":"PropertyValueSpecification","valueRequired":true,"valueName":"search_term_string"}}],"inLanguage":"en-GB"},{"@type":"Organization","@id":"https:\/\/eichholtzbymashroom.com\/#organization","name":"MASHROOM","url":"https:\/\/eichholtzbymashroom.com\/","logo":{"@type":"ImageObject","inLanguage":"en-GB","@id":"https:\/\/eichholtzbymashroom.com\/#\/schema\/logo\/image\/","url":"https:\/\/eichholtzbymashroom.com\/wp-content\/uploads\/2024\/11\/header-crno.webp","contentUrl":"https:\/\/eichholtzbymashroom.com\/wp-content\/uploads\/2024\/11\/header-crno.webp","width":600,"height":150,"caption":"MASHROOM"},"image":{"@id":"https:\/\/eichholtzbymashroom.com\/#\/schema\/logo\/image\/"},"sameAs":["https:\/\/www.instagram.com\/mashroom_store_zagreb\/?hl=en"]}]}},"_links":{"self":[{"href":"https:\/\/eichholtzbymashroom.com\/en\/wp-json\/wp\/v2\/pages\/205","targetHints":{"allow":["GET"]}}],"collection":[{"href":"https:\/\/eichholtzbymashroom.com\/en\/wp-json\/wp\/v2\/pages"}],"about":[{"href":"https:\/\/eichholtzbymashroom.com\/en\/wp-json\/wp\/v2\/types\/page"}],"author":[{"embeddable":true,"href":"https:\/\/eichholtzbymashroom.com\/en\/wp-json\/wp\/v2\/users\/1"}],"replies":[{"embeddable":true,"href":"https:\/\/eichholtzbymashroom.com\/en\/wp-json\/wp\/v2\/comments?post=205"}],"version-history":[{"count":37,"href":"https:\/\/eichholtzbymashroom.com\/en\/wp-json\/wp\/v2\/pages\/205\/revisions"}],"predecessor-version":[{"id":1395,"href":"https:\/\/eichholtzbymashroom.com\/en\/wp-json\/wp\/v2\/pages\/205\/revisions\/1395"}],"wp:attachment":[{"href":"https:\/\/eichholtzbymashroom.com\/en\/wp-json\/wp\/v2\/media?parent=205"}],"curies":[{"name":"wp","href":"https:\/\/api.w.org\/{rel}","templated":true}]}}