{"id":211,"date":"2024-11-19T03:21:50","date_gmt":"2024-11-19T03:21:50","guid":{"rendered":"https:\/\/eichholtzbymashroom.com\/?page_id=211"},"modified":"2025-09-18T12:27:06","modified_gmt":"2025-09-18T12:27:06","slug":"placanja","status":"publish","type":"page","link":"https:\/\/eichholtzbymashroom.com\/en\/placanja\/","title":{"rendered":"Payments"},"content":{"rendered":"\t\t<div data-elementor-type=\"wp-page\" data-elementor-id=\"211\" class=\"elementor elementor-211\" data-elementor-post-type=\"page\">\n\t\t\t\t<div class=\"elementor-element elementor-element-72fe810 e-con-full e-flex e-con e-parent\" data-id=\"72fe810\" data-element_type=\"container\" data-e-type=\"container\" data-settings=\"{&quot;background_background&quot;:&quot;classic&quot;,&quot;background_motion_fx_motion_fx_scrolling&quot;:&quot;yes&quot;,&quot;background_motion_fx_devices&quot;:[&quot;desktop&quot;,&quot;tablet&quot;,&quot;mobile&quot;]}\">\n\t\t\t\t<div class=\"elementor-element elementor-element-853ea97 elementor-widget elementor-widget-heading\" data-id=\"853ea97\" data-element_type=\"widget\" data-e-type=\"widget\" data-widget_type=\"heading.default\">\n\t\t\t\t<div class=\"elementor-widget-container\">\n\t\t\t\t\t<h1 class=\"elementor-heading-title elementor-size-default\">Pla\u0107anja<\/h1>\t\t\t\t<\/div>\n\t\t\t\t<\/div>\n\t\t\t\t<\/div>\n\t\t<div class=\"elementor-element elementor-element-4369417 e-con-full e-flex e-con e-parent\" data-id=\"4369417\" data-element_type=\"container\" data-e-type=\"container\" data-settings=\"{&quot;background_background&quot;:&quot;classic&quot;}\">\n\t\t\t\t<div class=\"elementor-element elementor-element-9afddf5 elementor-widget elementor-widget-text-editor\" data-id=\"9afddf5\" data-element_type=\"widget\" data-e-type=\"widget\" data-widget_type=\"text-editor.default\">\n\t\t\t\t<div class=\"elementor-widget-container\">\n\t\t\t\t\t\t\t\t\t<p><span><span><a href=\"https:\/\/eichholtzbymashroom.com\/\">Po\u010detna stranica<\/a><\/span><\/span><\/p>\t\t\t\t\t\t\t\t<\/div>\n\t\t\t\t<\/div>\n\t\t\t\t<\/div>\n\t\t<div class=\"elementor-element elementor-element-cab991a e-flex e-con-boxed e-con e-parent\" data-id=\"cab991a\" data-element_type=\"container\" data-e-type=\"container\">\n\t\t\t\t\t<div class=\"e-con-inner\">\n\t\t\t\t<div class=\"elementor-element elementor-element-8ec5195 elementor-widget elementor-widget-text-editor\" data-id=\"8ec5195\" data-element_type=\"widget\" data-e-type=\"widget\" data-widget_type=\"text-editor.default\">\n\t\t\t\t<div class=\"elementor-widget-container\">\n\t\t\t\t\t\t\t\t\t<p>Na\u010dini pla\u0107anja u trgovini Mashroom i Eichholtz by Mashroom:<\/p><p><strong>Pravila odobravanja popusta<\/strong><\/p><p>Za iznose do 3.000 \u20ac popusti se ne odobravaju.<\/p><p>Popusti za iznose iznad 3.000 \u20ac iznose:<\/p><ul><li>\u00a0 2% &#8211; 3.000 \u2013 7.000 \u20ac<\/li><li>\u00a0 5% &#8211; 7.000 \u2013 15.000 \u20ac<\/li><li>10% &#8211; 15.000 \u2013 25.000 \u20ac<\/li><li>15% &#8211; 25.000 \u2013 50.000 \u20ac<\/li><li>20% &#8211; IZNAD 50.000 \u20ac<\/li><\/ul><p>\u00a0<\/p><p><strong>Mogu\u0107nosti pla\u0107anja karticama<\/strong><\/p><p>Jednokratno svim karticama:<\/p><ul><li>Mastercard<\/li><li>Maestro<\/li><li>Visa<\/li><li>Visa Premium<\/li><li>Diners<\/li><\/ul><p>\u00a0<\/p><p><strong>Kupnja na rate karticama<\/strong><\/p><p>Pla\u0107anje na rate omogu\u0107eno je sljede\u0107im karticama:<\/p><ul><li>VISA\/MAESTRO PBZ &#8211; do 6 rata<\/li><li>VISA PREMIUM PBZ &#8211; do 6 rata<\/li><li>DINERS CARD &#8211; do 6 rata<\/li><\/ul><p>Kao opciju pla\u0107anja mo\u017eete odabrati pla\u0107anje kreditnim karticama. Mogu\u0107a su pla\u0107anja sa sljede\u0107im karti\u010dnim brendovima: Visa, Visa Premium, Visa Electron, Mastercard, Maestro, Diners. (Napomena: sa svojom Bankom provjerite ima li Va\u0161a kreditna kartica mogu\u0107nost kupnje putem interneta).<\/p><p><strong>Pla\u0107anje op\u0107om uplatnicom\/virmanom\/internet bankarstvom<\/strong><\/p><p><strong>Primatelj:<\/strong><br \/>ANGELUS DOMUS d.o.o.<br \/>Medvedgradska ulica 10<br \/>10 000 Zagreb<br \/>OIB: 09428053335<\/p><p>Uplate mo\u017eete izvr\u0161iti putem internet bankarstva ili u najbli\u017eoj banci.<\/p><p><strong>Broj ra\u010duna za uplatu:<\/strong><br \/>IBAN: HR8024020061100494822<br \/>Banka: ERSTE &amp; STEIERM\u00c4RKISCHE BANK d.d.<\/p><p><strong>Poziv na broj odobrenja:<\/strong><br \/>Molimo unesite broj ponude prilikom uplate.<\/p><p>Za dodatna pitanja slobodno nas kontaktirajte putem dostupnih kanala.<\/p>\t\t\t\t\t\t\t\t<\/div>\n\t\t\t\t<\/div>\n\t\t\t\t\t<\/div>\n\t\t\t\t<\/div>\n\t\t\t\t<\/div>\n\t\t","protected":false},"excerpt":{"rendered":"<p>Pla\u0107anja Na\u010dini pla\u0107anja u trgovini Mashroom i Eichholtz by Mashroom: Pravila odobravanja popusta Za iznose do 3.000 \u20ac popusti se ne odobravaju. Popusti za iznose iznad 3.000 \u20ac iznose: \u00a0 2% &#8211; 3.000 \u2013 7.000 \u20ac \u00a0 5% &#8211; 7.000 \u2013 15.000 \u20ac 10% &#8211; 15.000 \u2013 25.000 \u20ac 15% &#8211; 25.000 \u2013 50.000 \u20ac [&hellip;]<\/p>\n","protected":false},"author":1,"featured_media":0,"parent":0,"menu_order":0,"comment_status":"closed","ping_status":"closed","template":"","meta":{"footnotes":""},"class_list":["post-211","page","type-page","status-publish","hentry"],"yoast_head":"<!-- This site is optimized with the Yoast SEO plugin v27.4 - https:\/\/yoast.com\/product\/yoast-seo-wordpress\/ -->\n<title>Pla\u0107anja - MASHROOM<\/title>\n<meta name=\"description\" content=\"Showroom Eichholtz by Mashroom u Zagrebu nudi ekskluzivan izbor luksuznog namje\u0161taja, rasvjete i dekoracija.\" \/>\n<meta name=\"robots\" content=\"index, follow, max-snippet:-1, max-image-preview:large, max-video-preview:-1\" \/>\n<link rel=\"canonical\" href=\"https:\/\/eichholtzbymashroom.com\/en\/placanja\/\" \/>\n<meta property=\"og:locale\" content=\"en_GB\" \/>\n<meta property=\"og:type\" content=\"article\" \/>\n<meta property=\"og:title\" content=\"Pla\u0107anja - MASHROOM\" \/>\n<meta property=\"og:description\" content=\"Showroom Eichholtz by Mashroom u Zagrebu nudi ekskluzivan izbor luksuznog namje\u0161taja, rasvjete i dekoracija.\" \/>\n<meta property=\"og:url\" content=\"https:\/\/eichholtzbymashroom.com\/en\/placanja\/\" \/>\n<meta property=\"og:site_name\" content=\"MASHROOM\" \/>\n<meta property=\"article:modified_time\" content=\"2025-09-18T12:27:06+00:00\" \/>\n<meta name=\"twitter:card\" content=\"summary_large_image\" \/>\n<meta name=\"twitter:label1\" content=\"Estimated reading time\" \/>\n\t<meta name=\"twitter:data1\" content=\"1 minute\" \/>\n<script type=\"application\/ld+json\" class=\"yoast-schema-graph\">{\"@context\":\"https:\\\/\\\/schema.org\",\"@graph\":[{\"@type\":\"WebPage\",\"@id\":\"https:\\\/\\\/eichholtzbymashroom.com\\\/placanja\\\/\",\"url\":\"https:\\\/\\\/eichholtzbymashroom.com\\\/placanja\\\/\",\"name\":\"Pla\u0107anja - MASHROOM\",\"isPartOf\":{\"@id\":\"https:\\\/\\\/eichholtzbymashroom.com\\\/#website\"},\"datePublished\":\"2024-11-19T03:21:50+00:00\",\"dateModified\":\"2025-09-18T12:27:06+00:00\",\"description\":\"Showroom Eichholtz by Mashroom u Zagrebu nudi ekskluzivan izbor luksuznog namje\u0161taja, rasvjete i dekoracija.\",\"breadcrumb\":{\"@id\":\"https:\\\/\\\/eichholtzbymashroom.com\\\/placanja\\\/#breadcrumb\"},\"inLanguage\":\"en-GB\",\"potentialAction\":[{\"@type\":\"ReadAction\",\"target\":[\"https:\\\/\\\/eichholtzbymashroom.com\\\/placanja\\\/\"]}]},{\"@type\":\"BreadcrumbList\",\"@id\":\"https:\\\/\\\/eichholtzbymashroom.com\\\/placanja\\\/#breadcrumb\",\"itemListElement\":[{\"@type\":\"ListItem\",\"position\":1,\"name\":\"Po\u010detna stranica\",\"item\":\"https:\\\/\\\/eichholtzbymashroom.com\\\/\"},{\"@type\":\"ListItem\",\"position\":2,\"name\":\"Pla\u0107anja\"}]},{\"@type\":\"WebSite\",\"@id\":\"https:\\\/\\\/eichholtzbymashroom.com\\\/#website\",\"url\":\"https:\\\/\\\/eichholtzbymashroom.com\\\/\",\"name\":\"MASHROOM\",\"description\":\"Luksuzni namje\u0161taj koji inspirira\",\"publisher\":{\"@id\":\"https:\\\/\\\/eichholtzbymashroom.com\\\/#organization\"},\"potentialAction\":[{\"@type\":\"SearchAction\",\"target\":{\"@type\":\"EntryPoint\",\"urlTemplate\":\"https:\\\/\\\/eichholtzbymashroom.com\\\/?s={search_term_string}\"},\"query-input\":{\"@type\":\"PropertyValueSpecification\",\"valueRequired\":true,\"valueName\":\"search_term_string\"}}],\"inLanguage\":\"en-GB\"},{\"@type\":\"Organization\",\"@id\":\"https:\\\/\\\/eichholtzbymashroom.com\\\/#organization\",\"name\":\"MASHROOM\",\"url\":\"https:\\\/\\\/eichholtzbymashroom.com\\\/\",\"logo\":{\"@type\":\"ImageObject\",\"inLanguage\":\"en-GB\",\"@id\":\"https:\\\/\\\/eichholtzbymashroom.com\\\/#\\\/schema\\\/logo\\\/image\\\/\",\"url\":\"https:\\\/\\\/eichholtzbymashroom.com\\\/wp-content\\\/uploads\\\/2024\\\/11\\\/header-crno.webp\",\"contentUrl\":\"https:\\\/\\\/eichholtzbymashroom.com\\\/wp-content\\\/uploads\\\/2024\\\/11\\\/header-crno.webp\",\"width\":600,\"height\":150,\"caption\":\"MASHROOM\"},\"image\":{\"@id\":\"https:\\\/\\\/eichholtzbymashroom.com\\\/#\\\/schema\\\/logo\\\/image\\\/\"},\"sameAs\":[\"https:\\\/\\\/www.instagram.com\\\/mashroom_store_zagreb\\\/?hl=en\"]}]}<\/script>\n<!-- \/ Yoast SEO plugin. -->","yoast_head_json":{"title":"Pla\u0107anja - MASHROOM","description":"Showroom Eichholtz by Mashroom u Zagrebu nudi ekskluzivan izbor luksuznog namje\u0161taja, rasvjete i dekoracija.","robots":{"index":"index","follow":"follow","max-snippet":"max-snippet:-1","max-image-preview":"max-image-preview:large","max-video-preview":"max-video-preview:-1"},"canonical":"https:\/\/eichholtzbymashroom.com\/en\/placanja\/","og_locale":"en_GB","og_type":"article","og_title":"Pla\u0107anja - MASHROOM","og_description":"Showroom Eichholtz by Mashroom u Zagrebu nudi ekskluzivan izbor luksuznog namje\u0161taja, rasvjete i dekoracija.","og_url":"https:\/\/eichholtzbymashroom.com\/en\/placanja\/","og_site_name":"MASHROOM","article_modified_time":"2025-09-18T12:27:06+00:00","twitter_card":"summary_large_image","twitter_misc":{"Estimated reading time":"1 minute"},"schema":{"@context":"https:\/\/schema.org","@graph":[{"@type":"WebPage","@id":"https:\/\/eichholtzbymashroom.com\/placanja\/","url":"https:\/\/eichholtzbymashroom.com\/placanja\/","name":"Pla\u0107anja - MASHROOM","isPartOf":{"@id":"https:\/\/eichholtzbymashroom.com\/#website"},"datePublished":"2024-11-19T03:21:50+00:00","dateModified":"2025-09-18T12:27:06+00:00","description":"Showroom Eichholtz by Mashroom u Zagrebu nudi ekskluzivan izbor luksuznog namje\u0161taja, rasvjete i dekoracija.","breadcrumb":{"@id":"https:\/\/eichholtzbymashroom.com\/placanja\/#breadcrumb"},"inLanguage":"en-GB","potentialAction":[{"@type":"ReadAction","target":["https:\/\/eichholtzbymashroom.com\/placanja\/"]}]},{"@type":"BreadcrumbList","@id":"https:\/\/eichholtzbymashroom.com\/placanja\/#breadcrumb","itemListElement":[{"@type":"ListItem","position":1,"name":"Po\u010detna stranica","item":"https:\/\/eichholtzbymashroom.com\/"},{"@type":"ListItem","position":2,"name":"Pla\u0107anja"}]},{"@type":"WebSite","@id":"https:\/\/eichholtzbymashroom.com\/#website","url":"https:\/\/eichholtzbymashroom.com\/","name":"MASHROOM","description":"Luxury furniture that inspires","publisher":{"@id":"https:\/\/eichholtzbymashroom.com\/#organization"},"potentialAction":[{"@type":"SearchAction","target":{"@type":"EntryPoint","urlTemplate":"https:\/\/eichholtzbymashroom.com\/?s={search_term_string}"},"query-input":{"@type":"PropertyValueSpecification","valueRequired":true,"valueName":"search_term_string"}}],"inLanguage":"en-GB"},{"@type":"Organization","@id":"https:\/\/eichholtzbymashroom.com\/#organization","name":"MASHROOM","url":"https:\/\/eichholtzbymashroom.com\/","logo":{"@type":"ImageObject","inLanguage":"en-GB","@id":"https:\/\/eichholtzbymashroom.com\/#\/schema\/logo\/image\/","url":"https:\/\/eichholtzbymashroom.com\/wp-content\/uploads\/2024\/11\/header-crno.webp","contentUrl":"https:\/\/eichholtzbymashroom.com\/wp-content\/uploads\/2024\/11\/header-crno.webp","width":600,"height":150,"caption":"MASHROOM"},"image":{"@id":"https:\/\/eichholtzbymashroom.com\/#\/schema\/logo\/image\/"},"sameAs":["https:\/\/www.instagram.com\/mashroom_store_zagreb\/?hl=en"]}]}},"_links":{"self":[{"href":"https:\/\/eichholtzbymashroom.com\/en\/wp-json\/wp\/v2\/pages\/211","targetHints":{"allow":["GET"]}}],"collection":[{"href":"https:\/\/eichholtzbymashroom.com\/en\/wp-json\/wp\/v2\/pages"}],"about":[{"href":"https:\/\/eichholtzbymashroom.com\/en\/wp-json\/wp\/v2\/types\/page"}],"author":[{"embeddable":true,"href":"https:\/\/eichholtzbymashroom.com\/en\/wp-json\/wp\/v2\/users\/1"}],"replies":[{"embeddable":true,"href":"https:\/\/eichholtzbymashroom.com\/en\/wp-json\/wp\/v2\/comments?post=211"}],"version-history":[{"count":35,"href":"https:\/\/eichholtzbymashroom.com\/en\/wp-json\/wp\/v2\/pages\/211\/revisions"}],"predecessor-version":[{"id":1398,"href":"https:\/\/eichholtzbymashroom.com\/en\/wp-json\/wp\/v2\/pages\/211\/revisions\/1398"}],"wp:attachment":[{"href":"https:\/\/eichholtzbymashroom.com\/en\/wp-json\/wp\/v2\/media?parent=211"}],"curies":[{"name":"wp","href":"https:\/\/api.w.org\/{rel}","templated":true}]}}