{"id":216,"date":"2024-11-19T03:34:34","date_gmt":"2024-11-19T03:34:34","guid":{"rendered":"https:\/\/eichholtzbymashroom.com\/?page_id=216"},"modified":"2025-09-18T12:35:10","modified_gmt":"2025-09-18T12:35:10","slug":"impressum","status":"publish","type":"page","link":"https:\/\/eichholtzbymashroom.com\/en\/impressum\/","title":{"rendered":"Imprint"},"content":{"rendered":"\t\t<div data-elementor-type=\"wp-page\" data-elementor-id=\"216\" class=\"elementor elementor-216\" data-elementor-post-type=\"page\">\n\t\t\t\t<div class=\"elementor-element elementor-element-2b68cf4 e-con-full e-flex e-con e-parent\" data-id=\"2b68cf4\" data-element_type=\"container\" data-e-type=\"container\" data-settings=\"{&quot;background_background&quot;:&quot;classic&quot;,&quot;background_motion_fx_motion_fx_scrolling&quot;:&quot;yes&quot;,&quot;background_motion_fx_devices&quot;:[&quot;desktop&quot;,&quot;tablet&quot;,&quot;mobile&quot;]}\">\n\t\t\t\t<div class=\"elementor-element elementor-element-5b957eb elementor-widget elementor-widget-heading\" data-id=\"5b957eb\" data-element_type=\"widget\" data-e-type=\"widget\" data-widget_type=\"heading.default\">\n\t\t\t\t<div class=\"elementor-widget-container\">\n\t\t\t\t\t<h1 class=\"elementor-heading-title elementor-size-default\">Impressum<\/h1>\t\t\t\t<\/div>\n\t\t\t\t<\/div>\n\t\t\t\t<\/div>\n\t\t<div class=\"elementor-element elementor-element-3e7c6bf e-con-full e-flex e-con e-parent\" data-id=\"3e7c6bf\" data-element_type=\"container\" data-e-type=\"container\" data-settings=\"{&quot;background_background&quot;:&quot;classic&quot;}\">\n\t\t\t\t<div class=\"elementor-element elementor-element-01d75e8 elementor-widget elementor-widget-text-editor\" data-id=\"01d75e8\" data-element_type=\"widget\" data-e-type=\"widget\" data-widget_type=\"text-editor.default\">\n\t\t\t\t<div class=\"elementor-widget-container\">\n\t\t\t\t\t\t\t\t\t<p><span><span><a href=\"https:\/\/eichholtzbymashroom.com\/\">Po\u010detna stranica<\/a><\/span><\/span><\/p>\t\t\t\t\t\t\t\t<\/div>\n\t\t\t\t<\/div>\n\t\t\t\t<\/div>\n\t\t<div class=\"elementor-element elementor-element-36df1c9 e-flex e-con-boxed e-con e-parent\" data-id=\"36df1c9\" data-element_type=\"container\" data-e-type=\"container\">\n\t\t\t\t\t<div class=\"e-con-inner\">\n\t\t\t\t<div class=\"elementor-element elementor-element-fdb819a elementor-widget elementor-widget-text-editor\" data-id=\"fdb819a\" data-element_type=\"widget\" data-e-type=\"widget\" data-widget_type=\"text-editor.default\">\n\t\t\t\t<div class=\"elementor-widget-container\">\n\t\t\t\t\t\t\t\t\t<p><strong>Naziv dru\u0161tva<\/strong><br \/>ANGELUS DOMUS d.o.o.<\/p><p><strong>Sjedi\u0161te<\/strong><br \/>Medvedgradska ulica 10,<br \/>10 000 Zagreb, Hrvatska<\/p><p><strong>OIB<\/strong><br \/>09428053335<\/p><p><strong>MBS<\/strong><br \/>080602320<\/p><p><strong>Sud kod kojeg je dru\u0161tvo upisano<\/strong><br \/>Trgova\u010dki sud u Zagrebu<\/p><p><strong>IBAN<\/strong><br \/>HR8024020061100494822, Erste &amp; Steierm\u00e4rkische Bank d.d.<\/p><p><strong>Osniva\u010dki kapital<\/strong><br \/>99.542,11 EUR<\/p><p><strong>Osniva\u010di\/\u010dlanovi dru\u0161tva<\/strong><br \/>Ma\u0161a Kova\u010d<\/p><p><strong>Kontakt informacije<\/strong><br \/>Telefon: <a style=\"color: black; text-decoration: none;\" href=\"tel:+385992261771\" rel=\"noopener\">+385 99\/226-1771<\/a><br \/>E-mail: <a style=\"color: black; text-decoration: none;\" href=\"mailto:angelus.domus@zg.t-com.hr\" rel=\"noopener\">angelus.domus@zg.t-com.hr<\/a><\/p><p><em>Sav sadr\u017eaj na ovoj web stranici pripremljen je s najve\u0107om pa\u017enjom. Me\u0111utim, ne mo\u017eemo jam\u010diti potpunu to\u010dnost svih informacija u svakom trenutku.<\/em><\/p>\t\t\t\t\t\t\t\t<\/div>\n\t\t\t\t<\/div>\n\t\t\t\t\t<\/div>\n\t\t\t\t<\/div>\n\t\t<div class=\"elementor-element elementor-element-b141707 e-flex e-con-boxed e-con e-parent\" data-id=\"b141707\" data-element_type=\"container\" data-e-type=\"container\">\n\t\t\t\t\t<div class=\"e-con-inner\">\n\t\t\t\t<div class=\"elementor-element elementor-element-d712ed9 elementor-widget elementor-widget-image\" data-id=\"d712ed9\" data-element_type=\"widget\" data-e-type=\"widget\" data-widget_type=\"image.default\">\n\t\t\t\t<div class=\"elementor-widget-container\">\n\t\t\t\t\t\t\t\t\t\t\t\t\t\t\t<img decoding=\"async\" width=\"437\" height=\"110\" src=\"https:\/\/eichholtzbymashroom.com\/wp-content\/uploads\/2025\/02\/thumbnail_image003.png\" class=\"attachment-large size-large wp-image-1808\" alt=\"\" srcset=\"https:\/\/eichholtzbymashroom.com\/wp-content\/uploads\/2025\/02\/thumbnail_image003.png 437w, https:\/\/eichholtzbymashroom.com\/wp-content\/uploads\/2025\/02\/thumbnail_image003-300x76.png 300w, https:\/\/eichholtzbymashroom.com\/wp-content\/uploads\/2025\/02\/thumbnail_image003-18x5.png 18w\" sizes=\"(max-width: 437px) 100vw, 437px\" \/>\t\t\t\t\t\t\t\t\t\t\t\t\t\t\t<\/div>\n\t\t\t\t<\/div>\n\t\t\t\t\t<\/div>\n\t\t\t\t<\/div>\n\t\t\t\t<\/div>\n\t\t","protected":false},"excerpt":{"rendered":"<p>Impressum Naziv dru\u0161tvaANGELUS DOMUS d.o.o. Sjedi\u0161teMedvedgradska ulica 10,10 000 Zagreb, Hrvatska OIB09428053335 MBS080602320 Sud kod kojeg je dru\u0161tvo upisanoTrgova\u010dki sud u Zagrebu IBANHR8024020061100494822, Erste &amp; Steierm\u00e4rkische Bank d.d. Osniva\u010dki kapital99.542,11 EUR Osniva\u010di\/\u010dlanovi dru\u0161tvaMa\u0161a Kova\u010d Kontakt informacijeTelefon: +385 99\/226-1771E-mail: angelus.domus@zg.t-com.hr Sav sadr\u017eaj na ovoj web stranici pripremljen je s najve\u0107om pa\u017enjom. Me\u0111utim, ne mo\u017eemo jam\u010diti potpunu [&hellip;]<\/p>\n","protected":false},"author":1,"featured_media":0,"parent":0,"menu_order":0,"comment_status":"closed","ping_status":"closed","template":"","meta":{"footnotes":""},"class_list":["post-216","page","type-page","status-publish","hentry"],"yoast_head":"<!-- This site is optimized with the Yoast SEO plugin v27.4 - https:\/\/yoast.com\/product\/yoast-seo-wordpress\/ -->\n<title>Impressum - MASHROOM<\/title>\n<meta name=\"description\" content=\"Impressum \u2013 ANGELUS DOMUS d.o.o., kontakt i pravne informacije za Eichholtz by Mashroom, Zagreb.\" \/>\n<meta name=\"robots\" content=\"index, follow, max-snippet:-1, max-image-preview:large, max-video-preview:-1\" \/>\n<link rel=\"canonical\" href=\"https:\/\/eichholtzbymashroom.com\/en\/impressum\/\" \/>\n<meta property=\"og:locale\" content=\"en_GB\" \/>\n<meta property=\"og:type\" content=\"article\" \/>\n<meta property=\"og:title\" content=\"Impressum - MASHROOM\" \/>\n<meta property=\"og:description\" content=\"Impressum \u2013 ANGELUS DOMUS d.o.o., kontakt i pravne informacije za Eichholtz by Mashroom, Zagreb.\" \/>\n<meta property=\"og:url\" content=\"https:\/\/eichholtzbymashroom.com\/en\/impressum\/\" \/>\n<meta property=\"og:site_name\" content=\"MASHROOM\" \/>\n<meta property=\"article:modified_time\" content=\"2025-09-18T12:35:10+00:00\" \/>\n<meta property=\"og:image\" content=\"https:\/\/eichholtzbymashroom.com\/wp-content\/uploads\/2025\/02\/thumbnail_image003.png\" \/>\n<meta name=\"twitter:card\" content=\"summary_large_image\" \/>\n<meta name=\"twitter:label1\" content=\"Estimated reading time\" \/>\n\t<meta name=\"twitter:data1\" content=\"1 minute\" \/>\n<script type=\"application\/ld+json\" class=\"yoast-schema-graph\">{\"@context\":\"https:\\\/\\\/schema.org\",\"@graph\":[{\"@type\":\"WebPage\",\"@id\":\"https:\\\/\\\/eichholtzbymashroom.com\\\/impressum\\\/\",\"url\":\"https:\\\/\\\/eichholtzbymashroom.com\\\/impressum\\\/\",\"name\":\"Impressum - MASHROOM\",\"isPartOf\":{\"@id\":\"https:\\\/\\\/eichholtzbymashroom.com\\\/#website\"},\"primaryImageOfPage\":{\"@id\":\"https:\\\/\\\/eichholtzbymashroom.com\\\/impressum\\\/#primaryimage\"},\"image\":{\"@id\":\"https:\\\/\\\/eichholtzbymashroom.com\\\/impressum\\\/#primaryimage\"},\"thumbnailUrl\":\"https:\\\/\\\/eichholtzbymashroom.com\\\/wp-content\\\/uploads\\\/2025\\\/02\\\/thumbnail_image003.png\",\"datePublished\":\"2024-11-19T03:34:34+00:00\",\"dateModified\":\"2025-09-18T12:35:10+00:00\",\"description\":\"Impressum \u2013 ANGELUS DOMUS d.o.o., kontakt i pravne informacije za Eichholtz by Mashroom, Zagreb.\",\"breadcrumb\":{\"@id\":\"https:\\\/\\\/eichholtzbymashroom.com\\\/impressum\\\/#breadcrumb\"},\"inLanguage\":\"en-GB\",\"potentialAction\":[{\"@type\":\"ReadAction\",\"target\":[\"https:\\\/\\\/eichholtzbymashroom.com\\\/impressum\\\/\"]}]},{\"@type\":\"ImageObject\",\"inLanguage\":\"en-GB\",\"@id\":\"https:\\\/\\\/eichholtzbymashroom.com\\\/impressum\\\/#primaryimage\",\"url\":\"https:\\\/\\\/eichholtzbymashroom.com\\\/wp-content\\\/uploads\\\/2025\\\/02\\\/thumbnail_image003.png\",\"contentUrl\":\"https:\\\/\\\/eichholtzbymashroom.com\\\/wp-content\\\/uploads\\\/2025\\\/02\\\/thumbnail_image003.png\"},{\"@type\":\"BreadcrumbList\",\"@id\":\"https:\\\/\\\/eichholtzbymashroom.com\\\/impressum\\\/#breadcrumb\",\"itemListElement\":[{\"@type\":\"ListItem\",\"position\":1,\"name\":\"Po\u010detna stranica\",\"item\":\"https:\\\/\\\/eichholtzbymashroom.com\\\/\"},{\"@type\":\"ListItem\",\"position\":2,\"name\":\"Impressum\"}]},{\"@type\":\"WebSite\",\"@id\":\"https:\\\/\\\/eichholtzbymashroom.com\\\/#website\",\"url\":\"https:\\\/\\\/eichholtzbymashroom.com\\\/\",\"name\":\"MASHROOM\",\"description\":\"Luksuzni namje\u0161taj koji inspirira\",\"publisher\":{\"@id\":\"https:\\\/\\\/eichholtzbymashroom.com\\\/#organization\"},\"potentialAction\":[{\"@type\":\"SearchAction\",\"target\":{\"@type\":\"EntryPoint\",\"urlTemplate\":\"https:\\\/\\\/eichholtzbymashroom.com\\\/?s={search_term_string}\"},\"query-input\":{\"@type\":\"PropertyValueSpecification\",\"valueRequired\":true,\"valueName\":\"search_term_string\"}}],\"inLanguage\":\"en-GB\"},{\"@type\":\"Organization\",\"@id\":\"https:\\\/\\\/eichholtzbymashroom.com\\\/#organization\",\"name\":\"MASHROOM\",\"url\":\"https:\\\/\\\/eichholtzbymashroom.com\\\/\",\"logo\":{\"@type\":\"ImageObject\",\"inLanguage\":\"en-GB\",\"@id\":\"https:\\\/\\\/eichholtzbymashroom.com\\\/#\\\/schema\\\/logo\\\/image\\\/\",\"url\":\"https:\\\/\\\/eichholtzbymashroom.com\\\/wp-content\\\/uploads\\\/2024\\\/11\\\/header-crno.webp\",\"contentUrl\":\"https:\\\/\\\/eichholtzbymashroom.com\\\/wp-content\\\/uploads\\\/2024\\\/11\\\/header-crno.webp\",\"width\":600,\"height\":150,\"caption\":\"MASHROOM\"},\"image\":{\"@id\":\"https:\\\/\\\/eichholtzbymashroom.com\\\/#\\\/schema\\\/logo\\\/image\\\/\"},\"sameAs\":[\"https:\\\/\\\/www.instagram.com\\\/mashroom_store_zagreb\\\/?hl=en\"]}]}<\/script>\n<!-- \/ Yoast SEO plugin. -->","yoast_head_json":{"title":"Impressum - MASHROOM","description":"Impressum \u2013 ANGELUS DOMUS d.o.o., kontakt i pravne informacije za Eichholtz by Mashroom, Zagreb.","robots":{"index":"index","follow":"follow","max-snippet":"max-snippet:-1","max-image-preview":"max-image-preview:large","max-video-preview":"max-video-preview:-1"},"canonical":"https:\/\/eichholtzbymashroom.com\/en\/impressum\/","og_locale":"en_GB","og_type":"article","og_title":"Impressum - MASHROOM","og_description":"Impressum \u2013 ANGELUS DOMUS d.o.o., kontakt i pravne informacije za Eichholtz by Mashroom, Zagreb.","og_url":"https:\/\/eichholtzbymashroom.com\/en\/impressum\/","og_site_name":"MASHROOM","article_modified_time":"2025-09-18T12:35:10+00:00","og_image":[{"url":"https:\/\/eichholtzbymashroom.com\/wp-content\/uploads\/2025\/02\/thumbnail_image003.png","type":"","width":"","height":""}],"twitter_card":"summary_large_image","twitter_misc":{"Estimated reading time":"1 minute"},"schema":{"@context":"https:\/\/schema.org","@graph":[{"@type":"WebPage","@id":"https:\/\/eichholtzbymashroom.com\/impressum\/","url":"https:\/\/eichholtzbymashroom.com\/impressum\/","name":"Impressum - MASHROOM","isPartOf":{"@id":"https:\/\/eichholtzbymashroom.com\/#website"},"primaryImageOfPage":{"@id":"https:\/\/eichholtzbymashroom.com\/impressum\/#primaryimage"},"image":{"@id":"https:\/\/eichholtzbymashroom.com\/impressum\/#primaryimage"},"thumbnailUrl":"https:\/\/eichholtzbymashroom.com\/wp-content\/uploads\/2025\/02\/thumbnail_image003.png","datePublished":"2024-11-19T03:34:34+00:00","dateModified":"2025-09-18T12:35:10+00:00","description":"Impressum \u2013 ANGELUS DOMUS d.o.o., kontakt i pravne informacije za Eichholtz by Mashroom, Zagreb.","breadcrumb":{"@id":"https:\/\/eichholtzbymashroom.com\/impressum\/#breadcrumb"},"inLanguage":"en-GB","potentialAction":[{"@type":"ReadAction","target":["https:\/\/eichholtzbymashroom.com\/impressum\/"]}]},{"@type":"ImageObject","inLanguage":"en-GB","@id":"https:\/\/eichholtzbymashroom.com\/impressum\/#primaryimage","url":"https:\/\/eichholtzbymashroom.com\/wp-content\/uploads\/2025\/02\/thumbnail_image003.png","contentUrl":"https:\/\/eichholtzbymashroom.com\/wp-content\/uploads\/2025\/02\/thumbnail_image003.png"},{"@type":"BreadcrumbList","@id":"https:\/\/eichholtzbymashroom.com\/impressum\/#breadcrumb","itemListElement":[{"@type":"ListItem","position":1,"name":"Po\u010detna stranica","item":"https:\/\/eichholtzbymashroom.com\/"},{"@type":"ListItem","position":2,"name":"Impressum"}]},{"@type":"WebSite","@id":"https:\/\/eichholtzbymashroom.com\/#website","url":"https:\/\/eichholtzbymashroom.com\/","name":"MASHROOM","description":"Luxury furniture that inspires","publisher":{"@id":"https:\/\/eichholtzbymashroom.com\/#organization"},"potentialAction":[{"@type":"SearchAction","target":{"@type":"EntryPoint","urlTemplate":"https:\/\/eichholtzbymashroom.com\/?s={search_term_string}"},"query-input":{"@type":"PropertyValueSpecification","valueRequired":true,"valueName":"search_term_string"}}],"inLanguage":"en-GB"},{"@type":"Organization","@id":"https:\/\/eichholtzbymashroom.com\/#organization","name":"MASHROOM","url":"https:\/\/eichholtzbymashroom.com\/","logo":{"@type":"ImageObject","inLanguage":"en-GB","@id":"https:\/\/eichholtzbymashroom.com\/#\/schema\/logo\/image\/","url":"https:\/\/eichholtzbymashroom.com\/wp-content\/uploads\/2024\/11\/header-crno.webp","contentUrl":"https:\/\/eichholtzbymashroom.com\/wp-content\/uploads\/2024\/11\/header-crno.webp","width":600,"height":150,"caption":"MASHROOM"},"image":{"@id":"https:\/\/eichholtzbymashroom.com\/#\/schema\/logo\/image\/"},"sameAs":["https:\/\/www.instagram.com\/mashroom_store_zagreb\/?hl=en"]}]}},"_links":{"self":[{"href":"https:\/\/eichholtzbymashroom.com\/en\/wp-json\/wp\/v2\/pages\/216","targetHints":{"allow":["GET"]}}],"collection":[{"href":"https:\/\/eichholtzbymashroom.com\/en\/wp-json\/wp\/v2\/pages"}],"about":[{"href":"https:\/\/eichholtzbymashroom.com\/en\/wp-json\/wp\/v2\/types\/page"}],"author":[{"embeddable":true,"href":"https:\/\/eichholtzbymashroom.com\/en\/wp-json\/wp\/v2\/users\/1"}],"replies":[{"embeddable":true,"href":"https:\/\/eichholtzbymashroom.com\/en\/wp-json\/wp\/v2\/comments?post=216"}],"version-history":[{"count":37,"href":"https:\/\/eichholtzbymashroom.com\/en\/wp-json\/wp\/v2\/pages\/216\/revisions"}],"predecessor-version":[{"id":1845,"href":"https:\/\/eichholtzbymashroom.com\/en\/wp-json\/wp\/v2\/pages\/216\/revisions\/1845"}],"wp:attachment":[{"href":"https:\/\/eichholtzbymashroom.com\/en\/wp-json\/wp\/v2\/media?parent=216"}],"curies":[{"name":"wp","href":"https:\/\/api.w.org\/{rel}","templated":true}]}}