{"id":2933,"date":"2025-10-28T22:56:37","date_gmt":"2025-10-28T22:56:37","guid":{"rendered":"https:\/\/eichholtzbymashroom.com\/?post_type=product&#038;p=2933"},"modified":"2025-10-28T22:56:38","modified_gmt":"2025-10-28T22:56:38","slug":"stool-fifth","status":"publish","type":"product","link":"https:\/\/eichholtzbymashroom.com\/en\/product\/stool-fifth\/","title":{"rendered":"Stool Fifth"},"content":{"rendered":"<p>Met x Eichholtz presents the Fifth Stool - a refined design inspired by the architectural beauty and artistic heritage of The Metropolitan Museum of Art. With its elegant lines and rich materials, this piece offers a sophisticated accent to any space.<\/p>\n<p>Upholstered in soft Winslow beige chenille and finished with a bronze base, the Fifth Stool balances classic craftsmanship with modern versatility. Whether used as seating, a side table, or a sculptural accent, it brings a serene sense of luxury to your interior. It is also available in Morris merino wool, offering deeper texture and tonal variation.<\/p>","protected":false},"excerpt":{"rendered":"<p>Met x Eichholtz predstavlja Stool Fifth, profinjeni dizajn inspiriran arhitektonskom ljepotom i umjetni\u010dkom ostav\u0161tinom Metropolitanskog muzeja umjetnosti. Svojim elegantnim linijama i bogatim materijalima, ovaj komad nudi sofisticirani naglasak svakom prostoru. Presvu\u010den mekom Winslow \u0161enil be\u017e bojom i zavr\u0161nom obradom s bron\u010danom bazom, Stool Fifth uravnote\u017euje klasi\u010dnu izradu s modernom svestrano\u0161\u0107u. Bilo da se koristi kao [&hellip;]<\/p>\n","protected":false},"featured_media":2934,"template":"","meta":[],"product_brand":[],"product_cat":[46],"product_tag":[],"class_list":{"0":"post-2933","1":"product","2":"type-product","3":"status-publish","4":"has-post-thumbnail","6":"product_cat-namjestaj","8":"first","9":"onbackorder","10":"virtual","11":"product-type-simple"},"yoast_head":"<!-- This site is optimized with the Yoast SEO plugin v27.4 - https:\/\/yoast.com\/product\/yoast-seo-wordpress\/ -->\n<title>Stool Fifth - MASHROOM<\/title>\n<meta name=\"robots\" content=\"index, follow, max-snippet:-1, max-image-preview:large, max-video-preview:-1\" \/>\n<link rel=\"canonical\" href=\"https:\/\/eichholtzbymashroom.com\/en\/product\/stool-fifth\/\" \/>\n<meta property=\"og:locale\" content=\"en_GB\" \/>\n<meta property=\"og:type\" content=\"article\" \/>\n<meta property=\"og:title\" content=\"Stool Fifth - MASHROOM\" \/>\n<meta property=\"og:description\" content=\"Met x Eichholtz predstavlja Stool Fifth, profinjeni dizajn inspiriran arhitektonskom ljepotom i umjetni\u010dkom ostav\u0161tinom Metropolitanskog muzeja umjetnosti. Svojim elegantnim linijama i bogatim materijalima, ovaj komad nudi sofisticirani naglasak svakom prostoru. Presvu\u010den mekom Winslow \u0161enil be\u017e bojom i zavr\u0161nom obradom s bron\u010danom bazom, Stool Fifth uravnote\u017euje klasi\u010dnu izradu s modernom svestrano\u0161\u0107u. Bilo da se koristi kao [&hellip;]\" \/>\n<meta property=\"og:url\" content=\"https:\/\/eichholtzbymashroom.com\/en\/product\/stool-fifth\/\" \/>\n<meta property=\"og:site_name\" content=\"MASHROOM\" \/>\n<meta property=\"article:modified_time\" content=\"2025-10-28T22:56:38+00:00\" \/>\n<meta property=\"og:image\" content=\"https:\/\/eichholtzbymashroom.com\/wp-content\/uploads\/2025\/10\/TM0410_0_1_11.jpg\" \/>\n\t<meta property=\"og:image:width\" content=\"1200\" \/>\n\t<meta property=\"og:image:height\" content=\"1200\" \/>\n\t<meta property=\"og:image:type\" content=\"image\/jpeg\" \/>\n<meta name=\"twitter:card\" content=\"summary_large_image\" \/>\n<meta name=\"twitter:label1\" content=\"Estimated reading time\" \/>\n\t<meta name=\"twitter:data1\" content=\"1 minute\" \/>\n<script type=\"application\/ld+json\" class=\"yoast-schema-graph\">{\"@context\":\"https:\\\/\\\/schema.org\",\"@graph\":[{\"@type\":\"WebPage\",\"@id\":\"https:\\\/\\\/eichholtzbymashroom.com\\\/proizvod\\\/stool-fifth\\\/\",\"url\":\"https:\\\/\\\/eichholtzbymashroom.com\\\/proizvod\\\/stool-fifth\\\/\",\"name\":\"Stool Fifth - MASHROOM\",\"isPartOf\":{\"@id\":\"https:\\\/\\\/eichholtzbymashroom.com\\\/#website\"},\"primaryImageOfPage\":{\"@id\":\"https:\\\/\\\/eichholtzbymashroom.com\\\/proizvod\\\/stool-fifth\\\/#primaryimage\"},\"image\":{\"@id\":\"https:\\\/\\\/eichholtzbymashroom.com\\\/proizvod\\\/stool-fifth\\\/#primaryimage\"},\"thumbnailUrl\":\"https:\\\/\\\/eichholtzbymashroom.com\\\/wp-content\\\/uploads\\\/2025\\\/10\\\/TM0410_0_1_11.jpg\",\"datePublished\":\"2025-10-28T22:56:37+00:00\",\"dateModified\":\"2025-10-28T22:56:38+00:00\",\"breadcrumb\":{\"@id\":\"https:\\\/\\\/eichholtzbymashroom.com\\\/proizvod\\\/stool-fifth\\\/#breadcrumb\"},\"inLanguage\":\"en-GB\",\"potentialAction\":[{\"@type\":\"ReadAction\",\"target\":[\"https:\\\/\\\/eichholtzbymashroom.com\\\/proizvod\\\/stool-fifth\\\/\"]}]},{\"@type\":\"ImageObject\",\"inLanguage\":\"en-GB\",\"@id\":\"https:\\\/\\\/eichholtzbymashroom.com\\\/proizvod\\\/stool-fifth\\\/#primaryimage\",\"url\":\"https:\\\/\\\/eichholtzbymashroom.com\\\/wp-content\\\/uploads\\\/2025\\\/10\\\/TM0410_0_1_11.jpg\",\"contentUrl\":\"https:\\\/\\\/eichholtzbymashroom.com\\\/wp-content\\\/uploads\\\/2025\\\/10\\\/TM0410_0_1_11.jpg\",\"width\":1200,\"height\":1200},{\"@type\":\"BreadcrumbList\",\"@id\":\"https:\\\/\\\/eichholtzbymashroom.com\\\/proizvod\\\/stool-fifth\\\/#breadcrumb\",\"itemListElement\":[{\"@type\":\"ListItem\",\"position\":1,\"name\":\"Po\u010detna stranica\",\"item\":\"https:\\\/\\\/eichholtzbymashroom.com\\\/\"},{\"@type\":\"ListItem\",\"position\":2,\"name\":\"Products\",\"item\":\"https:\\\/\\\/eichholtzbymashroom.com\\\/trgovina\\\/\"},{\"@type\":\"ListItem\",\"position\":3,\"name\":\"Stool Fifth\"}]},{\"@type\":\"WebSite\",\"@id\":\"https:\\\/\\\/eichholtzbymashroom.com\\\/#website\",\"url\":\"https:\\\/\\\/eichholtzbymashroom.com\\\/\",\"name\":\"MASHROOM\",\"description\":\"Luksuzni namje\u0161taj koji inspirira\",\"publisher\":{\"@id\":\"https:\\\/\\\/eichholtzbymashroom.com\\\/#organization\"},\"potentialAction\":[{\"@type\":\"SearchAction\",\"target\":{\"@type\":\"EntryPoint\",\"urlTemplate\":\"https:\\\/\\\/eichholtzbymashroom.com\\\/?s={search_term_string}\"},\"query-input\":{\"@type\":\"PropertyValueSpecification\",\"valueRequired\":true,\"valueName\":\"search_term_string\"}}],\"inLanguage\":\"en-GB\"},{\"@type\":\"Organization\",\"@id\":\"https:\\\/\\\/eichholtzbymashroom.com\\\/#organization\",\"name\":\"MASHROOM\",\"url\":\"https:\\\/\\\/eichholtzbymashroom.com\\\/\",\"logo\":{\"@type\":\"ImageObject\",\"inLanguage\":\"en-GB\",\"@id\":\"https:\\\/\\\/eichholtzbymashroom.com\\\/#\\\/schema\\\/logo\\\/image\\\/\",\"url\":\"https:\\\/\\\/eichholtzbymashroom.com\\\/wp-content\\\/uploads\\\/2024\\\/11\\\/header-crno.webp\",\"contentUrl\":\"https:\\\/\\\/eichholtzbymashroom.com\\\/wp-content\\\/uploads\\\/2024\\\/11\\\/header-crno.webp\",\"width\":600,\"height\":150,\"caption\":\"MASHROOM\"},\"image\":{\"@id\":\"https:\\\/\\\/eichholtzbymashroom.com\\\/#\\\/schema\\\/logo\\\/image\\\/\"},\"sameAs\":[\"https:\\\/\\\/www.instagram.com\\\/mashroom_store_zagreb\\\/?hl=en\"]}]}<\/script>\n<!-- \/ Yoast SEO plugin. -->","yoast_head_json":{"title":"Stool Fifth - MASHROOM","robots":{"index":"index","follow":"follow","max-snippet":"max-snippet:-1","max-image-preview":"max-image-preview:large","max-video-preview":"max-video-preview:-1"},"canonical":"https:\/\/eichholtzbymashroom.com\/en\/product\/stool-fifth\/","og_locale":"en_GB","og_type":"article","og_title":"Stool Fifth - MASHROOM","og_description":"Met x Eichholtz predstavlja Stool Fifth, profinjeni dizajn inspiriran arhitektonskom ljepotom i umjetni\u010dkom ostav\u0161tinom Metropolitanskog muzeja umjetnosti. Svojim elegantnim linijama i bogatim materijalima, ovaj komad nudi sofisticirani naglasak svakom prostoru. Presvu\u010den mekom Winslow \u0161enil be\u017e bojom i zavr\u0161nom obradom s bron\u010danom bazom, Stool Fifth uravnote\u017euje klasi\u010dnu izradu s modernom svestrano\u0161\u0107u. Bilo da se koristi kao [&hellip;]","og_url":"https:\/\/eichholtzbymashroom.com\/en\/product\/stool-fifth\/","og_site_name":"MASHROOM","article_modified_time":"2025-10-28T22:56:38+00:00","og_image":[{"width":1200,"height":1200,"url":"https:\/\/eichholtzbymashroom.com\/wp-content\/uploads\/2025\/10\/TM0410_0_1_11.jpg","type":"image\/jpeg"}],"twitter_card":"summary_large_image","twitter_misc":{"Estimated reading time":"1 minute"},"schema":{"@context":"https:\/\/schema.org","@graph":[{"@type":"WebPage","@id":"https:\/\/eichholtzbymashroom.com\/proizvod\/stool-fifth\/","url":"https:\/\/eichholtzbymashroom.com\/proizvod\/stool-fifth\/","name":"Stool Fifth - MASHROOM","isPartOf":{"@id":"https:\/\/eichholtzbymashroom.com\/#website"},"primaryImageOfPage":{"@id":"https:\/\/eichholtzbymashroom.com\/proizvod\/stool-fifth\/#primaryimage"},"image":{"@id":"https:\/\/eichholtzbymashroom.com\/proizvod\/stool-fifth\/#primaryimage"},"thumbnailUrl":"https:\/\/eichholtzbymashroom.com\/wp-content\/uploads\/2025\/10\/TM0410_0_1_11.jpg","datePublished":"2025-10-28T22:56:37+00:00","dateModified":"2025-10-28T22:56:38+00:00","breadcrumb":{"@id":"https:\/\/eichholtzbymashroom.com\/proizvod\/stool-fifth\/#breadcrumb"},"inLanguage":"en-GB","potentialAction":[{"@type":"ReadAction","target":["https:\/\/eichholtzbymashroom.com\/proizvod\/stool-fifth\/"]}]},{"@type":"ImageObject","inLanguage":"en-GB","@id":"https:\/\/eichholtzbymashroom.com\/proizvod\/stool-fifth\/#primaryimage","url":"https:\/\/eichholtzbymashroom.com\/wp-content\/uploads\/2025\/10\/TM0410_0_1_11.jpg","contentUrl":"https:\/\/eichholtzbymashroom.com\/wp-content\/uploads\/2025\/10\/TM0410_0_1_11.jpg","width":1200,"height":1200},{"@type":"BreadcrumbList","@id":"https:\/\/eichholtzbymashroom.com\/proizvod\/stool-fifth\/#breadcrumb","itemListElement":[{"@type":"ListItem","position":1,"name":"Po\u010detna stranica","item":"https:\/\/eichholtzbymashroom.com\/"},{"@type":"ListItem","position":2,"name":"Products","item":"https:\/\/eichholtzbymashroom.com\/trgovina\/"},{"@type":"ListItem","position":3,"name":"Stool Fifth"}]},{"@type":"WebSite","@id":"https:\/\/eichholtzbymashroom.com\/#website","url":"https:\/\/eichholtzbymashroom.com\/","name":"MASHROOM","description":"Luxury furniture that inspires","publisher":{"@id":"https:\/\/eichholtzbymashroom.com\/#organization"},"potentialAction":[{"@type":"SearchAction","target":{"@type":"EntryPoint","urlTemplate":"https:\/\/eichholtzbymashroom.com\/?s={search_term_string}"},"query-input":{"@type":"PropertyValueSpecification","valueRequired":true,"valueName":"search_term_string"}}],"inLanguage":"en-GB"},{"@type":"Organization","@id":"https:\/\/eichholtzbymashroom.com\/#organization","name":"MASHROOM","url":"https:\/\/eichholtzbymashroom.com\/","logo":{"@type":"ImageObject","inLanguage":"en-GB","@id":"https:\/\/eichholtzbymashroom.com\/#\/schema\/logo\/image\/","url":"https:\/\/eichholtzbymashroom.com\/wp-content\/uploads\/2024\/11\/header-crno.webp","contentUrl":"https:\/\/eichholtzbymashroom.com\/wp-content\/uploads\/2024\/11\/header-crno.webp","width":600,"height":150,"caption":"MASHROOM"},"image":{"@id":"https:\/\/eichholtzbymashroom.com\/#\/schema\/logo\/image\/"},"sameAs":["https:\/\/www.instagram.com\/mashroom_store_zagreb\/?hl=en"]}]}},"_links":{"self":[{"href":"https:\/\/eichholtzbymashroom.com\/en\/wp-json\/wp\/v2\/product\/2933","targetHints":{"allow":["GET"]}}],"collection":[{"href":"https:\/\/eichholtzbymashroom.com\/en\/wp-json\/wp\/v2\/product"}],"about":[{"href":"https:\/\/eichholtzbymashroom.com\/en\/wp-json\/wp\/v2\/types\/product"}],"wp:featuredmedia":[{"embeddable":true,"href":"https:\/\/eichholtzbymashroom.com\/en\/wp-json\/wp\/v2\/media\/2934"}],"wp:attachment":[{"href":"https:\/\/eichholtzbymashroom.com\/en\/wp-json\/wp\/v2\/media?parent=2933"}],"wp:term":[{"taxonomy":"product_brand","embeddable":true,"href":"https:\/\/eichholtzbymashroom.com\/en\/wp-json\/wp\/v2\/product_brand?post=2933"},{"taxonomy":"product_cat","embeddable":true,"href":"https:\/\/eichholtzbymashroom.com\/en\/wp-json\/wp\/v2\/product_cat?post=2933"},{"taxonomy":"product_tag","embeddable":true,"href":"https:\/\/eichholtzbymashroom.com\/en\/wp-json\/wp\/v2\/product_tag?post=2933"}],"curies":[{"name":"wp","href":"https:\/\/api.w.org\/{rel}","templated":true}]}}