{"id":2942,"date":"2025-10-28T23:02:22","date_gmt":"2025-10-28T23:02:22","guid":{"rendered":"https:\/\/eichholtzbymashroom.com\/?post_type=product&#038;p=2942"},"modified":"2025-10-28T23:03:04","modified_gmt":"2025-10-28T23:03:04","slug":"mramorna-vaza-bennington","status":"publish","type":"product","link":"https:\/\/eichholtzbymashroom.com\/en\/product\/mramorna-vaza-bennington\/","title":{"rendered":"Vase Bennington"},"content":{"rendered":"<p>Met x Eichholtz presents the Bennington Marble Vase in white marble \u2014 a refined decorative piece that celebrates timeless American design through modern materials.<\/p>\n<p>Clean-lined and sculptural, this solid marble piece brings a sense of heritage and permanence to contemporary interiors. Carefully carved from white marble, it reinterprets a historic American design originally crafted in ceramic. Its classic silhouette and substantial weight lend a dignified presence \u2014 perfect for elevating fireplaces, consoles, or shelves.<\/p>","protected":false},"excerpt":{"rendered":"<p>Met x Eichholtz predstavlja Mramornu vazu Bennington od bijelog mramora, profinjeni dekorativni predmet koji slavi bezvremenski ameri\u010dki dizajn s modernim materijalima. \u010cistih linija i skulpturalan, ovaj masivni mramorni komad unosi osje\u0107aj ba\u0161tine i trajnosti u suvremene interijere. Pa\u017eljivo isklesan od bijelog mramora, ovaj komad reinterpretira povijesni ameri\u010dki dizajn izvorno izra\u0111en u keramici. Njezina klasi\u010dna silueta [&hellip;]<\/p>\n","protected":false},"featured_media":2943,"template":"","meta":[],"product_brand":[],"product_cat":[51],"product_tag":[],"class_list":{"0":"post-2942","1":"product","2":"type-product","3":"status-publish","4":"has-post-thumbnail","6":"product_cat-dodaci","8":"first","9":"onbackorder","10":"virtual","11":"product-type-simple"},"yoast_head":"<!-- This site is optimized with the Yoast SEO plugin v27.6 - https:\/\/yoast.com\/product\/yoast-seo-wordpress\/ -->\n<title>Mramorna vaza Bennington - MASHROOM<\/title>\n<meta name=\"robots\" content=\"index, follow, max-snippet:-1, max-image-preview:large, max-video-preview:-1\" \/>\n<link rel=\"canonical\" href=\"https:\/\/eichholtzbymashroom.com\/en\/product\/mramorna-vaza-bennington\/\" \/>\n<meta property=\"og:locale\" content=\"en_GB\" \/>\n<meta property=\"og:type\" content=\"article\" \/>\n<meta property=\"og:title\" content=\"Mramorna vaza Bennington - MASHROOM\" \/>\n<meta property=\"og:description\" content=\"Met x Eichholtz predstavlja Mramornu vazu Bennington od bijelog mramora, profinjeni dekorativni predmet koji slavi bezvremenski ameri\u010dki dizajn s modernim materijalima. \u010cistih linija i skulpturalan, ovaj masivni mramorni komad unosi osje\u0107aj ba\u0161tine i trajnosti u suvremene interijere. Pa\u017eljivo isklesan od bijelog mramora, ovaj komad reinterpretira povijesni ameri\u010dki dizajn izvorno izra\u0111en u keramici. Njezina klasi\u010dna silueta [&hellip;]\" \/>\n<meta property=\"og:url\" content=\"https:\/\/eichholtzbymashroom.com\/en\/product\/mramorna-vaza-bennington\/\" \/>\n<meta property=\"og:site_name\" content=\"MASHROOM\" \/>\n<meta property=\"article:modified_time\" content=\"2025-10-28T23:03:04+00:00\" \/>\n<meta property=\"og:image\" content=\"https:\/\/eichholtzbymashroom.com\/wp-content\/uploads\/2025\/10\/TM0339_0_1_11.jpg\" \/>\n\t<meta property=\"og:image:width\" content=\"1200\" \/>\n\t<meta property=\"og:image:height\" content=\"1200\" \/>\n\t<meta property=\"og:image:type\" content=\"image\/jpeg\" \/>\n<meta name=\"twitter:card\" content=\"summary_large_image\" \/>\n<meta name=\"twitter:label1\" content=\"Estimated reading time\" \/>\n\t<meta name=\"twitter:data1\" content=\"1 minute\" \/>\n<script type=\"application\/ld+json\" class=\"yoast-schema-graph\">{\"@context\":\"https:\\\/\\\/schema.org\",\"@graph\":[{\"@type\":\"WebPage\",\"@id\":\"https:\\\/\\\/eichholtzbymashroom.com\\\/proizvod\\\/mramorna-vaza-bennington\\\/\",\"url\":\"https:\\\/\\\/eichholtzbymashroom.com\\\/proizvod\\\/mramorna-vaza-bennington\\\/\",\"name\":\"Mramorna vaza Bennington - MASHROOM\",\"isPartOf\":{\"@id\":\"https:\\\/\\\/eichholtzbymashroom.com\\\/#website\"},\"primaryImageOfPage\":{\"@id\":\"https:\\\/\\\/eichholtzbymashroom.com\\\/proizvod\\\/mramorna-vaza-bennington\\\/#primaryimage\"},\"image\":{\"@id\":\"https:\\\/\\\/eichholtzbymashroom.com\\\/proizvod\\\/mramorna-vaza-bennington\\\/#primaryimage\"},\"thumbnailUrl\":\"https:\\\/\\\/eichholtzbymashroom.com\\\/wp-content\\\/uploads\\\/2025\\\/10\\\/TM0339_0_1_11.jpg\",\"datePublished\":\"2025-10-28T23:02:22+00:00\",\"dateModified\":\"2025-10-28T23:03:04+00:00\",\"breadcrumb\":{\"@id\":\"https:\\\/\\\/eichholtzbymashroom.com\\\/proizvod\\\/mramorna-vaza-bennington\\\/#breadcrumb\"},\"inLanguage\":\"en-GB\",\"potentialAction\":[{\"@type\":\"ReadAction\",\"target\":[\"https:\\\/\\\/eichholtzbymashroom.com\\\/proizvod\\\/mramorna-vaza-bennington\\\/\"]}]},{\"@type\":\"ImageObject\",\"inLanguage\":\"en-GB\",\"@id\":\"https:\\\/\\\/eichholtzbymashroom.com\\\/proizvod\\\/mramorna-vaza-bennington\\\/#primaryimage\",\"url\":\"https:\\\/\\\/eichholtzbymashroom.com\\\/wp-content\\\/uploads\\\/2025\\\/10\\\/TM0339_0_1_11.jpg\",\"contentUrl\":\"https:\\\/\\\/eichholtzbymashroom.com\\\/wp-content\\\/uploads\\\/2025\\\/10\\\/TM0339_0_1_11.jpg\",\"width\":1200,\"height\":1200},{\"@type\":\"BreadcrumbList\",\"@id\":\"https:\\\/\\\/eichholtzbymashroom.com\\\/proizvod\\\/mramorna-vaza-bennington\\\/#breadcrumb\",\"itemListElement\":[{\"@type\":\"ListItem\",\"position\":1,\"name\":\"Po\u010detna stranica\",\"item\":\"https:\\\/\\\/eichholtzbymashroom.com\\\/\"},{\"@type\":\"ListItem\",\"position\":2,\"name\":\"Products\",\"item\":\"https:\\\/\\\/eichholtzbymashroom.com\\\/trgovina\\\/\"},{\"@type\":\"ListItem\",\"position\":3,\"name\":\"Mramorna vaza Bennington\"}]},{\"@type\":\"WebSite\",\"@id\":\"https:\\\/\\\/eichholtzbymashroom.com\\\/#website\",\"url\":\"https:\\\/\\\/eichholtzbymashroom.com\\\/\",\"name\":\"MASHROOM\",\"description\":\"Luksuzni namje\u0161taj koji inspirira\",\"publisher\":{\"@id\":\"https:\\\/\\\/eichholtzbymashroom.com\\\/#organization\"},\"potentialAction\":[{\"@type\":\"SearchAction\",\"target\":{\"@type\":\"EntryPoint\",\"urlTemplate\":\"https:\\\/\\\/eichholtzbymashroom.com\\\/?s={search_term_string}\"},\"query-input\":{\"@type\":\"PropertyValueSpecification\",\"valueRequired\":true,\"valueName\":\"search_term_string\"}}],\"inLanguage\":\"en-GB\"},{\"@type\":\"Organization\",\"@id\":\"https:\\\/\\\/eichholtzbymashroom.com\\\/#organization\",\"name\":\"MASHROOM\",\"url\":\"https:\\\/\\\/eichholtzbymashroom.com\\\/\",\"logo\":{\"@type\":\"ImageObject\",\"inLanguage\":\"en-GB\",\"@id\":\"https:\\\/\\\/eichholtzbymashroom.com\\\/#\\\/schema\\\/logo\\\/image\\\/\",\"url\":\"https:\\\/\\\/eichholtzbymashroom.com\\\/wp-content\\\/uploads\\\/2024\\\/11\\\/header-crno.webp\",\"contentUrl\":\"https:\\\/\\\/eichholtzbymashroom.com\\\/wp-content\\\/uploads\\\/2024\\\/11\\\/header-crno.webp\",\"width\":600,\"height\":150,\"caption\":\"MASHROOM\"},\"image\":{\"@id\":\"https:\\\/\\\/eichholtzbymashroom.com\\\/#\\\/schema\\\/logo\\\/image\\\/\"},\"sameAs\":[\"https:\\\/\\\/www.instagram.com\\\/mashroom_store_zagreb\\\/?hl=en\"]}]}<\/script>\n<!-- \/ Yoast SEO plugin. -->","yoast_head_json":{"title":"Mramorna vaza Bennington - MASHROOM","robots":{"index":"index","follow":"follow","max-snippet":"max-snippet:-1","max-image-preview":"max-image-preview:large","max-video-preview":"max-video-preview:-1"},"canonical":"https:\/\/eichholtzbymashroom.com\/en\/product\/mramorna-vaza-bennington\/","og_locale":"en_GB","og_type":"article","og_title":"Mramorna vaza Bennington - MASHROOM","og_description":"Met x Eichholtz predstavlja Mramornu vazu Bennington od bijelog mramora, profinjeni dekorativni predmet koji slavi bezvremenski ameri\u010dki dizajn s modernim materijalima. \u010cistih linija i skulpturalan, ovaj masivni mramorni komad unosi osje\u0107aj ba\u0161tine i trajnosti u suvremene interijere. Pa\u017eljivo isklesan od bijelog mramora, ovaj komad reinterpretira povijesni ameri\u010dki dizajn izvorno izra\u0111en u keramici. Njezina klasi\u010dna silueta [&hellip;]","og_url":"https:\/\/eichholtzbymashroom.com\/en\/product\/mramorna-vaza-bennington\/","og_site_name":"MASHROOM","article_modified_time":"2025-10-28T23:03:04+00:00","og_image":[{"width":1200,"height":1200,"url":"https:\/\/eichholtzbymashroom.com\/wp-content\/uploads\/2025\/10\/TM0339_0_1_11.jpg","type":"image\/jpeg"}],"twitter_card":"summary_large_image","twitter_misc":{"Estimated reading time":"1 minute"},"schema":{"@context":"https:\/\/schema.org","@graph":[{"@type":"WebPage","@id":"https:\/\/eichholtzbymashroom.com\/proizvod\/mramorna-vaza-bennington\/","url":"https:\/\/eichholtzbymashroom.com\/proizvod\/mramorna-vaza-bennington\/","name":"Mramorna vaza Bennington - MASHROOM","isPartOf":{"@id":"https:\/\/eichholtzbymashroom.com\/#website"},"primaryImageOfPage":{"@id":"https:\/\/eichholtzbymashroom.com\/proizvod\/mramorna-vaza-bennington\/#primaryimage"},"image":{"@id":"https:\/\/eichholtzbymashroom.com\/proizvod\/mramorna-vaza-bennington\/#primaryimage"},"thumbnailUrl":"https:\/\/eichholtzbymashroom.com\/wp-content\/uploads\/2025\/10\/TM0339_0_1_11.jpg","datePublished":"2025-10-28T23:02:22+00:00","dateModified":"2025-10-28T23:03:04+00:00","breadcrumb":{"@id":"https:\/\/eichholtzbymashroom.com\/proizvod\/mramorna-vaza-bennington\/#breadcrumb"},"inLanguage":"en-GB","potentialAction":[{"@type":"ReadAction","target":["https:\/\/eichholtzbymashroom.com\/proizvod\/mramorna-vaza-bennington\/"]}]},{"@type":"ImageObject","inLanguage":"en-GB","@id":"https:\/\/eichholtzbymashroom.com\/proizvod\/mramorna-vaza-bennington\/#primaryimage","url":"https:\/\/eichholtzbymashroom.com\/wp-content\/uploads\/2025\/10\/TM0339_0_1_11.jpg","contentUrl":"https:\/\/eichholtzbymashroom.com\/wp-content\/uploads\/2025\/10\/TM0339_0_1_11.jpg","width":1200,"height":1200},{"@type":"BreadcrumbList","@id":"https:\/\/eichholtzbymashroom.com\/proizvod\/mramorna-vaza-bennington\/#breadcrumb","itemListElement":[{"@type":"ListItem","position":1,"name":"Po\u010detna stranica","item":"https:\/\/eichholtzbymashroom.com\/"},{"@type":"ListItem","position":2,"name":"Products","item":"https:\/\/eichholtzbymashroom.com\/trgovina\/"},{"@type":"ListItem","position":3,"name":"Mramorna vaza Bennington"}]},{"@type":"WebSite","@id":"https:\/\/eichholtzbymashroom.com\/#website","url":"https:\/\/eichholtzbymashroom.com\/","name":"MASHROOM","description":"Luxury furniture that inspires","publisher":{"@id":"https:\/\/eichholtzbymashroom.com\/#organization"},"potentialAction":[{"@type":"SearchAction","target":{"@type":"EntryPoint","urlTemplate":"https:\/\/eichholtzbymashroom.com\/?s={search_term_string}"},"query-input":{"@type":"PropertyValueSpecification","valueRequired":true,"valueName":"search_term_string"}}],"inLanguage":"en-GB"},{"@type":"Organization","@id":"https:\/\/eichholtzbymashroom.com\/#organization","name":"MASHROOM","url":"https:\/\/eichholtzbymashroom.com\/","logo":{"@type":"ImageObject","inLanguage":"en-GB","@id":"https:\/\/eichholtzbymashroom.com\/#\/schema\/logo\/image\/","url":"https:\/\/eichholtzbymashroom.com\/wp-content\/uploads\/2024\/11\/header-crno.webp","contentUrl":"https:\/\/eichholtzbymashroom.com\/wp-content\/uploads\/2024\/11\/header-crno.webp","width":600,"height":150,"caption":"MASHROOM"},"image":{"@id":"https:\/\/eichholtzbymashroom.com\/#\/schema\/logo\/image\/"},"sameAs":["https:\/\/www.instagram.com\/mashroom_store_zagreb\/?hl=en"]}]}},"_links":{"self":[{"href":"https:\/\/eichholtzbymashroom.com\/en\/wp-json\/wp\/v2\/product\/2942","targetHints":{"allow":["GET"]}}],"collection":[{"href":"https:\/\/eichholtzbymashroom.com\/en\/wp-json\/wp\/v2\/product"}],"about":[{"href":"https:\/\/eichholtzbymashroom.com\/en\/wp-json\/wp\/v2\/types\/product"}],"wp:featuredmedia":[{"embeddable":true,"href":"https:\/\/eichholtzbymashroom.com\/en\/wp-json\/wp\/v2\/media\/2943"}],"wp:attachment":[{"href":"https:\/\/eichholtzbymashroom.com\/en\/wp-json\/wp\/v2\/media?parent=2942"}],"wp:term":[{"taxonomy":"product_brand","embeddable":true,"href":"https:\/\/eichholtzbymashroom.com\/en\/wp-json\/wp\/v2\/product_brand?post=2942"},{"taxonomy":"product_cat","embeddable":true,"href":"https:\/\/eichholtzbymashroom.com\/en\/wp-json\/wp\/v2\/product_cat?post=2942"},{"taxonomy":"product_tag","embeddable":true,"href":"https:\/\/eichholtzbymashroom.com\/en\/wp-json\/wp\/v2\/product_tag?post=2942"}],"curies":[{"name":"wp","href":"https:\/\/api.w.org\/{rel}","templated":true}]}}