{"id":3479,"date":"2026-02-11T03:19:36","date_gmt":"2026-02-11T03:19:36","guid":{"rendered":"https:\/\/eichholtzbymashroom.com\/proizvod\/bar-matthew\/"},"modified":"2026-02-11T06:24:55","modified_gmt":"2026-02-11T06:24:55","slug":"bar-matthew","status":"publish","type":"product","link":"https:\/\/eichholtzbymashroom.com\/en\/product\/bar-matthew\/","title":{"rendered":"Bar Matthew"},"content":{"rendered":"<p>Unaprijedite svoj prostor i impresionirajte goste uz Eichholtz Matthew bar u rasko\u0161noj Camari zelenoj nijansi. Ovaj luksuzni komad odlikuje se bogatom tkaninom, savr\u0161eno uskla\u0111enom s profinjenom bru\u0161enom mesinganom zavr\u0161nom obradom i elegantnom crnom staklenom plo\u010dom. Njegova suptilna elegancija i bezvremenski dizajn \u010dine ga idealnim izborom za one koji tra\u017ee vrhunski stil. Bez napora prima do 12 boca, a uklju\u010duje i prostor za vje\u0161anje \u010da\u0161a, spajaju\u0107i funkcionalnost s sofisticiranim u\u017eivanjem u dru\u017eenjima.<\/p>","protected":false},"excerpt":{"rendered":"<p>Unaprijedite svoj prostor i impresionirajte goste uz Eichholtz Matthew bar u rasko\u0161noj Camari zelenoj nijansi.<\/p>","protected":false},"featured_media":3762,"template":"","meta":[],"product_brand":[],"product_cat":[98,46,45,97],"product_tag":[],"class_list":{"0":"post-3479","1":"product","2":"type-product","3":"status-publish","4":"has-post-thumbnail","6":"product_cat-barovi-i-posluzavni-pladnjevi","7":"product_cat-namjestaj","8":"product_cat-nekategorizirane","9":"product_cat-stolovi","11":"first","12":"onbackorder","13":"virtual","14":"product-type-simple"},"yoast_head":"<!-- This site is optimized with the Yoast SEO plugin v27.4 - https:\/\/yoast.com\/product\/yoast-seo-wordpress\/ -->\n<title>Bar Matthew - MASHROOM<\/title>\n<meta name=\"robots\" content=\"index, follow, max-snippet:-1, max-image-preview:large, max-video-preview:-1\" \/>\n<link rel=\"canonical\" href=\"https:\/\/eichholtzbymashroom.com\/en\/product\/bar-matthew\/\" \/>\n<meta property=\"og:locale\" content=\"en_GB\" \/>\n<meta property=\"og:type\" content=\"article\" \/>\n<meta property=\"og:title\" content=\"Bar Matthew - MASHROOM\" \/>\n<meta property=\"og:description\" content=\"Unaprijedite svoj prostor i impresionirajte goste uz Eichholtz Matthew bar u rasko\u0161noj Camari zelenoj nijansi.\" \/>\n<meta property=\"og:url\" content=\"https:\/\/eichholtzbymashroom.com\/en\/product\/bar-matthew\/\" \/>\n<meta property=\"og:site_name\" content=\"MASHROOM\" \/>\n<meta property=\"article:modified_time\" content=\"2026-02-11T06:24:55+00:00\" \/>\n<meta property=\"og:image\" content=\"https:\/\/eichholtzbymashroom.com\/wp-content\/uploads\/2026\/02\/120245_0_1_1.webp\" \/>\n\t<meta property=\"og:image:width\" content=\"700\" \/>\n\t<meta property=\"og:image:height\" content=\"700\" \/>\n\t<meta property=\"og:image:type\" content=\"image\/webp\" \/>\n<meta name=\"twitter:card\" content=\"summary_large_image\" \/>\n<meta name=\"twitter:label1\" content=\"Estimated reading time\" \/>\n\t<meta name=\"twitter:data1\" content=\"1 minute\" \/>\n<script type=\"application\/ld+json\" class=\"yoast-schema-graph\">{\"@context\":\"https:\\\/\\\/schema.org\",\"@graph\":[{\"@type\":\"WebPage\",\"@id\":\"https:\\\/\\\/eichholtzbymashroom.com\\\/proizvod\\\/bar-matthew\\\/\",\"url\":\"https:\\\/\\\/eichholtzbymashroom.com\\\/proizvod\\\/bar-matthew\\\/\",\"name\":\"Bar Matthew - MASHROOM\",\"isPartOf\":{\"@id\":\"https:\\\/\\\/eichholtzbymashroom.com\\\/#website\"},\"primaryImageOfPage\":{\"@id\":\"https:\\\/\\\/eichholtzbymashroom.com\\\/proizvod\\\/bar-matthew\\\/#primaryimage\"},\"image\":{\"@id\":\"https:\\\/\\\/eichholtzbymashroom.com\\\/proizvod\\\/bar-matthew\\\/#primaryimage\"},\"thumbnailUrl\":\"https:\\\/\\\/eichholtzbymashroom.com\\\/wp-content\\\/uploads\\\/2026\\\/02\\\/120245_0_1_1.webp\",\"datePublished\":\"2026-02-11T03:19:36+00:00\",\"dateModified\":\"2026-02-11T06:24:55+00:00\",\"breadcrumb\":{\"@id\":\"https:\\\/\\\/eichholtzbymashroom.com\\\/proizvod\\\/bar-matthew\\\/#breadcrumb\"},\"inLanguage\":\"en-GB\",\"potentialAction\":[{\"@type\":\"ReadAction\",\"target\":[\"https:\\\/\\\/eichholtzbymashroom.com\\\/proizvod\\\/bar-matthew\\\/\"]}]},{\"@type\":\"ImageObject\",\"inLanguage\":\"en-GB\",\"@id\":\"https:\\\/\\\/eichholtzbymashroom.com\\\/proizvod\\\/bar-matthew\\\/#primaryimage\",\"url\":\"https:\\\/\\\/eichholtzbymashroom.com\\\/wp-content\\\/uploads\\\/2026\\\/02\\\/120245_0_1_1.webp\",\"contentUrl\":\"https:\\\/\\\/eichholtzbymashroom.com\\\/wp-content\\\/uploads\\\/2026\\\/02\\\/120245_0_1_1.webp\",\"width\":700,\"height\":700},{\"@type\":\"BreadcrumbList\",\"@id\":\"https:\\\/\\\/eichholtzbymashroom.com\\\/proizvod\\\/bar-matthew\\\/#breadcrumb\",\"itemListElement\":[{\"@type\":\"ListItem\",\"position\":1,\"name\":\"Po\u010detna stranica\",\"item\":\"https:\\\/\\\/eichholtzbymashroom.com\\\/\"},{\"@type\":\"ListItem\",\"position\":2,\"name\":\"Products\",\"item\":\"https:\\\/\\\/eichholtzbymashroom.com\\\/trgovina\\\/\"},{\"@type\":\"ListItem\",\"position\":3,\"name\":\"Bar Matthew\"}]},{\"@type\":\"WebSite\",\"@id\":\"https:\\\/\\\/eichholtzbymashroom.com\\\/#website\",\"url\":\"https:\\\/\\\/eichholtzbymashroom.com\\\/\",\"name\":\"MASHROOM\",\"description\":\"Luksuzni namje\u0161taj koji inspirira\",\"publisher\":{\"@id\":\"https:\\\/\\\/eichholtzbymashroom.com\\\/#organization\"},\"potentialAction\":[{\"@type\":\"SearchAction\",\"target\":{\"@type\":\"EntryPoint\",\"urlTemplate\":\"https:\\\/\\\/eichholtzbymashroom.com\\\/?s={search_term_string}\"},\"query-input\":{\"@type\":\"PropertyValueSpecification\",\"valueRequired\":true,\"valueName\":\"search_term_string\"}}],\"inLanguage\":\"en-GB\"},{\"@type\":\"Organization\",\"@id\":\"https:\\\/\\\/eichholtzbymashroom.com\\\/#organization\",\"name\":\"MASHROOM\",\"url\":\"https:\\\/\\\/eichholtzbymashroom.com\\\/\",\"logo\":{\"@type\":\"ImageObject\",\"inLanguage\":\"en-GB\",\"@id\":\"https:\\\/\\\/eichholtzbymashroom.com\\\/#\\\/schema\\\/logo\\\/image\\\/\",\"url\":\"https:\\\/\\\/eichholtzbymashroom.com\\\/wp-content\\\/uploads\\\/2024\\\/11\\\/header-crno.webp\",\"contentUrl\":\"https:\\\/\\\/eichholtzbymashroom.com\\\/wp-content\\\/uploads\\\/2024\\\/11\\\/header-crno.webp\",\"width\":600,\"height\":150,\"caption\":\"MASHROOM\"},\"image\":{\"@id\":\"https:\\\/\\\/eichholtzbymashroom.com\\\/#\\\/schema\\\/logo\\\/image\\\/\"},\"sameAs\":[\"https:\\\/\\\/www.instagram.com\\\/mashroom_store_zagreb\\\/?hl=en\"]}]}<\/script>\n<!-- \/ Yoast SEO plugin. -->","yoast_head_json":{"title":"Bar Matthew - MASHROOM","robots":{"index":"index","follow":"follow","max-snippet":"max-snippet:-1","max-image-preview":"max-image-preview:large","max-video-preview":"max-video-preview:-1"},"canonical":"https:\/\/eichholtzbymashroom.com\/en\/product\/bar-matthew\/","og_locale":"en_GB","og_type":"article","og_title":"Bar Matthew - MASHROOM","og_description":"Unaprijedite svoj prostor i impresionirajte goste uz Eichholtz Matthew bar u rasko\u0161noj Camari zelenoj nijansi.","og_url":"https:\/\/eichholtzbymashroom.com\/en\/product\/bar-matthew\/","og_site_name":"MASHROOM","article_modified_time":"2026-02-11T06:24:55+00:00","og_image":[{"width":700,"height":700,"url":"https:\/\/eichholtzbymashroom.com\/wp-content\/uploads\/2026\/02\/120245_0_1_1.webp","type":"image\/webp"}],"twitter_card":"summary_large_image","twitter_misc":{"Estimated reading time":"1 minute"},"schema":{"@context":"https:\/\/schema.org","@graph":[{"@type":"WebPage","@id":"https:\/\/eichholtzbymashroom.com\/proizvod\/bar-matthew\/","url":"https:\/\/eichholtzbymashroom.com\/proizvod\/bar-matthew\/","name":"Bar Matthew - MASHROOM","isPartOf":{"@id":"https:\/\/eichholtzbymashroom.com\/#website"},"primaryImageOfPage":{"@id":"https:\/\/eichholtzbymashroom.com\/proizvod\/bar-matthew\/#primaryimage"},"image":{"@id":"https:\/\/eichholtzbymashroom.com\/proizvod\/bar-matthew\/#primaryimage"},"thumbnailUrl":"https:\/\/eichholtzbymashroom.com\/wp-content\/uploads\/2026\/02\/120245_0_1_1.webp","datePublished":"2026-02-11T03:19:36+00:00","dateModified":"2026-02-11T06:24:55+00:00","breadcrumb":{"@id":"https:\/\/eichholtzbymashroom.com\/proizvod\/bar-matthew\/#breadcrumb"},"inLanguage":"en-GB","potentialAction":[{"@type":"ReadAction","target":["https:\/\/eichholtzbymashroom.com\/proizvod\/bar-matthew\/"]}]},{"@type":"ImageObject","inLanguage":"en-GB","@id":"https:\/\/eichholtzbymashroom.com\/proizvod\/bar-matthew\/#primaryimage","url":"https:\/\/eichholtzbymashroom.com\/wp-content\/uploads\/2026\/02\/120245_0_1_1.webp","contentUrl":"https:\/\/eichholtzbymashroom.com\/wp-content\/uploads\/2026\/02\/120245_0_1_1.webp","width":700,"height":700},{"@type":"BreadcrumbList","@id":"https:\/\/eichholtzbymashroom.com\/proizvod\/bar-matthew\/#breadcrumb","itemListElement":[{"@type":"ListItem","position":1,"name":"Po\u010detna stranica","item":"https:\/\/eichholtzbymashroom.com\/"},{"@type":"ListItem","position":2,"name":"Products","item":"https:\/\/eichholtzbymashroom.com\/trgovina\/"},{"@type":"ListItem","position":3,"name":"Bar Matthew"}]},{"@type":"WebSite","@id":"https:\/\/eichholtzbymashroom.com\/#website","url":"https:\/\/eichholtzbymashroom.com\/","name":"MASHROOM","description":"Luxury furniture that inspires","publisher":{"@id":"https:\/\/eichholtzbymashroom.com\/#organization"},"potentialAction":[{"@type":"SearchAction","target":{"@type":"EntryPoint","urlTemplate":"https:\/\/eichholtzbymashroom.com\/?s={search_term_string}"},"query-input":{"@type":"PropertyValueSpecification","valueRequired":true,"valueName":"search_term_string"}}],"inLanguage":"en-GB"},{"@type":"Organization","@id":"https:\/\/eichholtzbymashroom.com\/#organization","name":"MASHROOM","url":"https:\/\/eichholtzbymashroom.com\/","logo":{"@type":"ImageObject","inLanguage":"en-GB","@id":"https:\/\/eichholtzbymashroom.com\/#\/schema\/logo\/image\/","url":"https:\/\/eichholtzbymashroom.com\/wp-content\/uploads\/2024\/11\/header-crno.webp","contentUrl":"https:\/\/eichholtzbymashroom.com\/wp-content\/uploads\/2024\/11\/header-crno.webp","width":600,"height":150,"caption":"MASHROOM"},"image":{"@id":"https:\/\/eichholtzbymashroom.com\/#\/schema\/logo\/image\/"},"sameAs":["https:\/\/www.instagram.com\/mashroom_store_zagreb\/?hl=en"]}]}},"_links":{"self":[{"href":"https:\/\/eichholtzbymashroom.com\/en\/wp-json\/wp\/v2\/product\/3479","targetHints":{"allow":["GET"]}}],"collection":[{"href":"https:\/\/eichholtzbymashroom.com\/en\/wp-json\/wp\/v2\/product"}],"about":[{"href":"https:\/\/eichholtzbymashroom.com\/en\/wp-json\/wp\/v2\/types\/product"}],"wp:featuredmedia":[{"embeddable":true,"href":"https:\/\/eichholtzbymashroom.com\/en\/wp-json\/wp\/v2\/media\/3762"}],"wp:attachment":[{"href":"https:\/\/eichholtzbymashroom.com\/en\/wp-json\/wp\/v2\/media?parent=3479"}],"wp:term":[{"taxonomy":"product_brand","embeddable":true,"href":"https:\/\/eichholtzbymashroom.com\/en\/wp-json\/wp\/v2\/product_brand?post=3479"},{"taxonomy":"product_cat","embeddable":true,"href":"https:\/\/eichholtzbymashroom.com\/en\/wp-json\/wp\/v2\/product_cat?post=3479"},{"taxonomy":"product_tag","embeddable":true,"href":"https:\/\/eichholtzbymashroom.com\/en\/wp-json\/wp\/v2\/product_tag?post=3479"}],"curies":[{"name":"wp","href":"https:\/\/api.w.org\/{rel}","templated":true}]}}