{"id":3511,"date":"2026-02-11T03:37:06","date_gmt":"2026-02-11T03:37:06","guid":{"rendered":"https:\/\/eichholtzbymashroom.com\/proizvod\/hladnjak-za-vino-barletta-s\/"},"modified":"2026-02-11T06:24:51","modified_gmt":"2026-02-11T06:24:51","slug":"posuda-za-hladjenje-vina-barletta-s","status":"publish","type":"product","link":"https:\/\/eichholtzbymashroom.com\/en\/product\/posuda-za-hladjenje-vina-barletta-s\/","title":{"rendered":"Posuda za hla\u0111enje vina Barletta S"},"content":{"rendered":"<p>Otkrijte Eichholtz Barletta S posudu za hla\u0111enje vina, elegantan dodatak za poslu\u017eivanje i dru\u017eenja. Zavr\u0161na obrada u vintage mesingu sa zlatnim sjajem unosi bezvremensku rasko\u0161 u svaki prostor. Pa\u017eljivo izra\u0111ena od metala, ova Eichholtz posuda za hla\u0111enje vina spaja umjetni\u010dki dojam i funkcionalnost, odr\u017eavaju\u0107i odabrana vina savr\u0161eno rashla\u0111enima dok istovremeno slu\u017ei kao dojmljiv izraz sofisticiranosti i istan\u010danog ukusa.<\/p>","protected":false},"excerpt":{"rendered":"<p data-start=\"62\" data-end=\"188\">Otkrijte Eichholtz Barletta S posudu za hla\u0111enje vina, ru\u010dno izra\u0111en komad prepoznatljiv po profinjenom uzorku inspiriranom bambusom.<\/p>","protected":false},"featured_media":3905,"template":"","meta":[],"product_brand":[],"product_cat":[51,103,104],"product_tag":[],"class_list":{"0":"post-3511","1":"product","2":"type-product","3":"status-publish","4":"has-post-thumbnail","6":"product_cat-dodaci","7":"product_cat-dodaci-za-posluzivanje","8":"product_cat-posude-za-hladenje-vina","10":"first","11":"onbackorder","12":"virtual","13":"product-type-simple"},"yoast_head":"<!-- This site is optimized with the Yoast SEO plugin v27.4 - https:\/\/yoast.com\/product\/yoast-seo-wordpress\/ -->\n<title>Posuda za hla\u0111enje vina Barletta S - MASHROOM<\/title>\n<meta name=\"robots\" content=\"index, follow, max-snippet:-1, max-image-preview:large, max-video-preview:-1\" \/>\n<link rel=\"canonical\" href=\"https:\/\/eichholtzbymashroom.com\/en\/product\/posuda-za-hladjenje-vina-barletta-s\/\" \/>\n<meta property=\"og:locale\" content=\"en_GB\" \/>\n<meta property=\"og:type\" content=\"article\" \/>\n<meta property=\"og:title\" content=\"Posuda za hla\u0111enje vina Barletta S - MASHROOM\" \/>\n<meta property=\"og:description\" content=\"Otkrijte Eichholtz Barletta S posudu za hla\u0111enje vina, ru\u010dno izra\u0111en komad prepoznatljiv po profinjenom uzorku inspiriranom bambusom.\" \/>\n<meta property=\"og:url\" content=\"https:\/\/eichholtzbymashroom.com\/en\/product\/posuda-za-hladjenje-vina-barletta-s\/\" \/>\n<meta property=\"og:site_name\" content=\"MASHROOM\" \/>\n<meta property=\"article:modified_time\" content=\"2026-02-11T06:24:51+00:00\" \/>\n<meta property=\"og:image\" content=\"https:\/\/eichholtzbymashroom.com\/wp-content\/uploads\/2026\/02\/119096_0_1.webp\" \/>\n\t<meta property=\"og:image:width\" content=\"700\" \/>\n\t<meta property=\"og:image:height\" content=\"700\" \/>\n\t<meta property=\"og:image:type\" content=\"image\/webp\" \/>\n<meta name=\"twitter:card\" content=\"summary_large_image\" \/>\n<meta name=\"twitter:label1\" content=\"Estimated reading time\" \/>\n\t<meta name=\"twitter:data1\" content=\"1 minute\" \/>\n<script type=\"application\/ld+json\" class=\"yoast-schema-graph\">{\"@context\":\"https:\\\/\\\/schema.org\",\"@graph\":[{\"@type\":\"WebPage\",\"@id\":\"https:\\\/\\\/eichholtzbymashroom.com\\\/proizvod\\\/posuda-za-hladjenje-vina-barletta-s\\\/\",\"url\":\"https:\\\/\\\/eichholtzbymashroom.com\\\/proizvod\\\/posuda-za-hladjenje-vina-barletta-s\\\/\",\"name\":\"Posuda za hla\u0111enje vina Barletta S - MASHROOM\",\"isPartOf\":{\"@id\":\"https:\\\/\\\/eichholtzbymashroom.com\\\/#website\"},\"primaryImageOfPage\":{\"@id\":\"https:\\\/\\\/eichholtzbymashroom.com\\\/proizvod\\\/posuda-za-hladjenje-vina-barletta-s\\\/#primaryimage\"},\"image\":{\"@id\":\"https:\\\/\\\/eichholtzbymashroom.com\\\/proizvod\\\/posuda-za-hladjenje-vina-barletta-s\\\/#primaryimage\"},\"thumbnailUrl\":\"https:\\\/\\\/eichholtzbymashroom.com\\\/wp-content\\\/uploads\\\/2026\\\/02\\\/119096_0_1.webp\",\"datePublished\":\"2026-02-11T03:37:06+00:00\",\"dateModified\":\"2026-02-11T06:24:51+00:00\",\"breadcrumb\":{\"@id\":\"https:\\\/\\\/eichholtzbymashroom.com\\\/proizvod\\\/posuda-za-hladjenje-vina-barletta-s\\\/#breadcrumb\"},\"inLanguage\":\"en-GB\",\"potentialAction\":[{\"@type\":\"ReadAction\",\"target\":[\"https:\\\/\\\/eichholtzbymashroom.com\\\/proizvod\\\/posuda-za-hladjenje-vina-barletta-s\\\/\"]}]},{\"@type\":\"ImageObject\",\"inLanguage\":\"en-GB\",\"@id\":\"https:\\\/\\\/eichholtzbymashroom.com\\\/proizvod\\\/posuda-za-hladjenje-vina-barletta-s\\\/#primaryimage\",\"url\":\"https:\\\/\\\/eichholtzbymashroom.com\\\/wp-content\\\/uploads\\\/2026\\\/02\\\/119096_0_1.webp\",\"contentUrl\":\"https:\\\/\\\/eichholtzbymashroom.com\\\/wp-content\\\/uploads\\\/2026\\\/02\\\/119096_0_1.webp\",\"width\":700,\"height\":700},{\"@type\":\"BreadcrumbList\",\"@id\":\"https:\\\/\\\/eichholtzbymashroom.com\\\/proizvod\\\/posuda-za-hladjenje-vina-barletta-s\\\/#breadcrumb\",\"itemListElement\":[{\"@type\":\"ListItem\",\"position\":1,\"name\":\"Po\u010detna stranica\",\"item\":\"https:\\\/\\\/eichholtzbymashroom.com\\\/\"},{\"@type\":\"ListItem\",\"position\":2,\"name\":\"Products\",\"item\":\"https:\\\/\\\/eichholtzbymashroom.com\\\/trgovina\\\/\"},{\"@type\":\"ListItem\",\"position\":3,\"name\":\"Posuda za hla\u0111enje vina Barletta S\"}]},{\"@type\":\"WebSite\",\"@id\":\"https:\\\/\\\/eichholtzbymashroom.com\\\/#website\",\"url\":\"https:\\\/\\\/eichholtzbymashroom.com\\\/\",\"name\":\"MASHROOM\",\"description\":\"Luksuzni namje\u0161taj koji inspirira\",\"publisher\":{\"@id\":\"https:\\\/\\\/eichholtzbymashroom.com\\\/#organization\"},\"potentialAction\":[{\"@type\":\"SearchAction\",\"target\":{\"@type\":\"EntryPoint\",\"urlTemplate\":\"https:\\\/\\\/eichholtzbymashroom.com\\\/?s={search_term_string}\"},\"query-input\":{\"@type\":\"PropertyValueSpecification\",\"valueRequired\":true,\"valueName\":\"search_term_string\"}}],\"inLanguage\":\"en-GB\"},{\"@type\":\"Organization\",\"@id\":\"https:\\\/\\\/eichholtzbymashroom.com\\\/#organization\",\"name\":\"MASHROOM\",\"url\":\"https:\\\/\\\/eichholtzbymashroom.com\\\/\",\"logo\":{\"@type\":\"ImageObject\",\"inLanguage\":\"en-GB\",\"@id\":\"https:\\\/\\\/eichholtzbymashroom.com\\\/#\\\/schema\\\/logo\\\/image\\\/\",\"url\":\"https:\\\/\\\/eichholtzbymashroom.com\\\/wp-content\\\/uploads\\\/2024\\\/11\\\/header-crno.webp\",\"contentUrl\":\"https:\\\/\\\/eichholtzbymashroom.com\\\/wp-content\\\/uploads\\\/2024\\\/11\\\/header-crno.webp\",\"width\":600,\"height\":150,\"caption\":\"MASHROOM\"},\"image\":{\"@id\":\"https:\\\/\\\/eichholtzbymashroom.com\\\/#\\\/schema\\\/logo\\\/image\\\/\"},\"sameAs\":[\"https:\\\/\\\/www.instagram.com\\\/mashroom_store_zagreb\\\/?hl=en\"]}]}<\/script>\n<!-- \/ Yoast SEO plugin. -->","yoast_head_json":{"title":"Posuda za hla\u0111enje vina Barletta S - MASHROOM","robots":{"index":"index","follow":"follow","max-snippet":"max-snippet:-1","max-image-preview":"max-image-preview:large","max-video-preview":"max-video-preview:-1"},"canonical":"https:\/\/eichholtzbymashroom.com\/en\/product\/posuda-za-hladjenje-vina-barletta-s\/","og_locale":"en_GB","og_type":"article","og_title":"Posuda za hla\u0111enje vina Barletta S - MASHROOM","og_description":"Otkrijte Eichholtz Barletta S posudu za hla\u0111enje vina, ru\u010dno izra\u0111en komad prepoznatljiv po profinjenom uzorku inspiriranom bambusom.","og_url":"https:\/\/eichholtzbymashroom.com\/en\/product\/posuda-za-hladjenje-vina-barletta-s\/","og_site_name":"MASHROOM","article_modified_time":"2026-02-11T06:24:51+00:00","og_image":[{"width":700,"height":700,"url":"https:\/\/eichholtzbymashroom.com\/wp-content\/uploads\/2026\/02\/119096_0_1.webp","type":"image\/webp"}],"twitter_card":"summary_large_image","twitter_misc":{"Estimated reading time":"1 minute"},"schema":{"@context":"https:\/\/schema.org","@graph":[{"@type":"WebPage","@id":"https:\/\/eichholtzbymashroom.com\/proizvod\/posuda-za-hladjenje-vina-barletta-s\/","url":"https:\/\/eichholtzbymashroom.com\/proizvod\/posuda-za-hladjenje-vina-barletta-s\/","name":"Posuda za hla\u0111enje vina Barletta S - MASHROOM","isPartOf":{"@id":"https:\/\/eichholtzbymashroom.com\/#website"},"primaryImageOfPage":{"@id":"https:\/\/eichholtzbymashroom.com\/proizvod\/posuda-za-hladjenje-vina-barletta-s\/#primaryimage"},"image":{"@id":"https:\/\/eichholtzbymashroom.com\/proizvod\/posuda-za-hladjenje-vina-barletta-s\/#primaryimage"},"thumbnailUrl":"https:\/\/eichholtzbymashroom.com\/wp-content\/uploads\/2026\/02\/119096_0_1.webp","datePublished":"2026-02-11T03:37:06+00:00","dateModified":"2026-02-11T06:24:51+00:00","breadcrumb":{"@id":"https:\/\/eichholtzbymashroom.com\/proizvod\/posuda-za-hladjenje-vina-barletta-s\/#breadcrumb"},"inLanguage":"en-GB","potentialAction":[{"@type":"ReadAction","target":["https:\/\/eichholtzbymashroom.com\/proizvod\/posuda-za-hladjenje-vina-barletta-s\/"]}]},{"@type":"ImageObject","inLanguage":"en-GB","@id":"https:\/\/eichholtzbymashroom.com\/proizvod\/posuda-za-hladjenje-vina-barletta-s\/#primaryimage","url":"https:\/\/eichholtzbymashroom.com\/wp-content\/uploads\/2026\/02\/119096_0_1.webp","contentUrl":"https:\/\/eichholtzbymashroom.com\/wp-content\/uploads\/2026\/02\/119096_0_1.webp","width":700,"height":700},{"@type":"BreadcrumbList","@id":"https:\/\/eichholtzbymashroom.com\/proizvod\/posuda-za-hladjenje-vina-barletta-s\/#breadcrumb","itemListElement":[{"@type":"ListItem","position":1,"name":"Po\u010detna stranica","item":"https:\/\/eichholtzbymashroom.com\/"},{"@type":"ListItem","position":2,"name":"Products","item":"https:\/\/eichholtzbymashroom.com\/trgovina\/"},{"@type":"ListItem","position":3,"name":"Posuda za hla\u0111enje vina Barletta S"}]},{"@type":"WebSite","@id":"https:\/\/eichholtzbymashroom.com\/#website","url":"https:\/\/eichholtzbymashroom.com\/","name":"MASHROOM","description":"Luxury furniture that inspires","publisher":{"@id":"https:\/\/eichholtzbymashroom.com\/#organization"},"potentialAction":[{"@type":"SearchAction","target":{"@type":"EntryPoint","urlTemplate":"https:\/\/eichholtzbymashroom.com\/?s={search_term_string}"},"query-input":{"@type":"PropertyValueSpecification","valueRequired":true,"valueName":"search_term_string"}}],"inLanguage":"en-GB"},{"@type":"Organization","@id":"https:\/\/eichholtzbymashroom.com\/#organization","name":"MASHROOM","url":"https:\/\/eichholtzbymashroom.com\/","logo":{"@type":"ImageObject","inLanguage":"en-GB","@id":"https:\/\/eichholtzbymashroom.com\/#\/schema\/logo\/image\/","url":"https:\/\/eichholtzbymashroom.com\/wp-content\/uploads\/2024\/11\/header-crno.webp","contentUrl":"https:\/\/eichholtzbymashroom.com\/wp-content\/uploads\/2024\/11\/header-crno.webp","width":600,"height":150,"caption":"MASHROOM"},"image":{"@id":"https:\/\/eichholtzbymashroom.com\/#\/schema\/logo\/image\/"},"sameAs":["https:\/\/www.instagram.com\/mashroom_store_zagreb\/?hl=en"]}]}},"_links":{"self":[{"href":"https:\/\/eichholtzbymashroom.com\/en\/wp-json\/wp\/v2\/product\/3511","targetHints":{"allow":["GET"]}}],"collection":[{"href":"https:\/\/eichholtzbymashroom.com\/en\/wp-json\/wp\/v2\/product"}],"about":[{"href":"https:\/\/eichholtzbymashroom.com\/en\/wp-json\/wp\/v2\/types\/product"}],"wp:featuredmedia":[{"embeddable":true,"href":"https:\/\/eichholtzbymashroom.com\/en\/wp-json\/wp\/v2\/media\/3905"}],"wp:attachment":[{"href":"https:\/\/eichholtzbymashroom.com\/en\/wp-json\/wp\/v2\/media?parent=3511"}],"wp:term":[{"taxonomy":"product_brand","embeddable":true,"href":"https:\/\/eichholtzbymashroom.com\/en\/wp-json\/wp\/v2\/product_brand?post=3511"},{"taxonomy":"product_cat","embeddable":true,"href":"https:\/\/eichholtzbymashroom.com\/en\/wp-json\/wp\/v2\/product_cat?post=3511"},{"taxonomy":"product_tag","embeddable":true,"href":"https:\/\/eichholtzbymashroom.com\/en\/wp-json\/wp\/v2\/product_tag?post=3511"}],"curies":[{"name":"wp","href":"https:\/\/api.w.org\/{rel}","templated":true}]}}