{"id":3609,"date":"2026-02-11T03:37:32","date_gmt":"2026-02-11T03:37:32","guid":{"rendered":"https:\/\/eichholtzbymashroom.com\/proizvod\/pomocni-stolic-leonard-set-od-3-komada\/"},"modified":"2026-02-11T06:24:37","modified_gmt":"2026-02-11T06:24:37","slug":"pomocni-stolic-leonard-set-od-3-komada","status":"publish","type":"product","link":"https:\/\/eichholtzbymashroom.com\/en\/product\/pomocni-stolic-leonard-set-od-3-komada\/","title":{"rendered":"Pomo\u0107ni stoli\u0107 L\u00e9onard set od 3 komada"},"content":{"rendered":"<p>Eichholtz L\u00e9onard set pomo\u0107nih stolova spaja mat crnu zavr\u0161nu obradu i tamnosme\u0111u umjetnu ko\u017eu. Ovaj trio unosi suvremenu sofisticiranost i funkcionalnu eleganciju u prostor.<\/p>","protected":false},"excerpt":{"rendered":"<p>Otkrijte pomo\u0107ni stoli\u0107 Eichholtz L\u00e9onard, gdje se elegantna mat-crna zavr\u0161na obrada susre\u0107e s privla\u010dno\u0161\u0107u tamnosme\u0111e umjetne ko\u017ee.<\/p>","protected":false},"featured_media":0,"template":"","meta":[],"product_brand":[],"product_cat":[45],"product_tag":[],"class_list":{"0":"post-3609","1":"product","2":"type-product","3":"status-publish","5":"product_cat-nekategorizirane","7":"first","8":"onbackorder","9":"virtual","10":"product-type-simple"},"yoast_head":"<!-- This site is optimized with the Yoast SEO plugin v27.4 - https:\/\/yoast.com\/product\/yoast-seo-wordpress\/ -->\n<title>Pomo\u0107ni stoli\u0107 L\u00e9onard set od 3 komada - MASHROOM<\/title>\n<meta name=\"robots\" content=\"index, follow, max-snippet:-1, max-image-preview:large, max-video-preview:-1\" \/>\n<link rel=\"canonical\" href=\"https:\/\/eichholtzbymashroom.com\/en\/product\/pomocni-stolic-leonard-set-od-3-komada\/\" \/>\n<meta property=\"og:locale\" content=\"en_GB\" \/>\n<meta property=\"og:type\" content=\"article\" \/>\n<meta property=\"og:title\" content=\"Pomo\u0107ni stoli\u0107 L\u00e9onard set od 3 komada - MASHROOM\" \/>\n<meta property=\"og:description\" content=\"Otkrijte pomo\u0107ni stoli\u0107 Eichholtz L\u00e9onard, gdje se elegantna mat-crna zavr\u0161na obrada susre\u0107e s privla\u010dno\u0161\u0107u tamnosme\u0111e umjetne ko\u017ee.\" \/>\n<meta property=\"og:url\" content=\"https:\/\/eichholtzbymashroom.com\/en\/product\/pomocni-stolic-leonard-set-od-3-komada\/\" \/>\n<meta property=\"og:site_name\" content=\"MASHROOM\" \/>\n<meta property=\"article:modified_time\" content=\"2026-02-11T06:24:37+00:00\" \/>\n<meta name=\"twitter:card\" content=\"summary_large_image\" \/>\n<script type=\"application\/ld+json\" class=\"yoast-schema-graph\">{\"@context\":\"https:\\\/\\\/schema.org\",\"@graph\":[{\"@type\":\"WebPage\",\"@id\":\"https:\\\/\\\/eichholtzbymashroom.com\\\/proizvod\\\/pomocni-stolic-leonard-set-od-3-komada\\\/\",\"url\":\"https:\\\/\\\/eichholtzbymashroom.com\\\/proizvod\\\/pomocni-stolic-leonard-set-od-3-komada\\\/\",\"name\":\"Pomo\u0107ni stoli\u0107 L\u00e9onard set od 3 komada - MASHROOM\",\"isPartOf\":{\"@id\":\"https:\\\/\\\/eichholtzbymashroom.com\\\/#website\"},\"datePublished\":\"2026-02-11T03:37:32+00:00\",\"dateModified\":\"2026-02-11T06:24:37+00:00\",\"breadcrumb\":{\"@id\":\"https:\\\/\\\/eichholtzbymashroom.com\\\/proizvod\\\/pomocni-stolic-leonard-set-od-3-komada\\\/#breadcrumb\"},\"inLanguage\":\"en-GB\",\"potentialAction\":[{\"@type\":\"ReadAction\",\"target\":[\"https:\\\/\\\/eichholtzbymashroom.com\\\/proizvod\\\/pomocni-stolic-leonard-set-od-3-komada\\\/\"]}]},{\"@type\":\"BreadcrumbList\",\"@id\":\"https:\\\/\\\/eichholtzbymashroom.com\\\/proizvod\\\/pomocni-stolic-leonard-set-od-3-komada\\\/#breadcrumb\",\"itemListElement\":[{\"@type\":\"ListItem\",\"position\":1,\"name\":\"Po\u010detna stranica\",\"item\":\"https:\\\/\\\/eichholtzbymashroom.com\\\/\"},{\"@type\":\"ListItem\",\"position\":2,\"name\":\"Products\",\"item\":\"https:\\\/\\\/eichholtzbymashroom.com\\\/trgovina\\\/\"},{\"@type\":\"ListItem\",\"position\":3,\"name\":\"Pomo\u0107ni stoli\u0107 L\u00e9onard set od 3 komada\"}]},{\"@type\":\"WebSite\",\"@id\":\"https:\\\/\\\/eichholtzbymashroom.com\\\/#website\",\"url\":\"https:\\\/\\\/eichholtzbymashroom.com\\\/\",\"name\":\"MASHROOM\",\"description\":\"Luksuzni namje\u0161taj koji inspirira\",\"publisher\":{\"@id\":\"https:\\\/\\\/eichholtzbymashroom.com\\\/#organization\"},\"potentialAction\":[{\"@type\":\"SearchAction\",\"target\":{\"@type\":\"EntryPoint\",\"urlTemplate\":\"https:\\\/\\\/eichholtzbymashroom.com\\\/?s={search_term_string}\"},\"query-input\":{\"@type\":\"PropertyValueSpecification\",\"valueRequired\":true,\"valueName\":\"search_term_string\"}}],\"inLanguage\":\"en-GB\"},{\"@type\":\"Organization\",\"@id\":\"https:\\\/\\\/eichholtzbymashroom.com\\\/#organization\",\"name\":\"MASHROOM\",\"url\":\"https:\\\/\\\/eichholtzbymashroom.com\\\/\",\"logo\":{\"@type\":\"ImageObject\",\"inLanguage\":\"en-GB\",\"@id\":\"https:\\\/\\\/eichholtzbymashroom.com\\\/#\\\/schema\\\/logo\\\/image\\\/\",\"url\":\"https:\\\/\\\/eichholtzbymashroom.com\\\/wp-content\\\/uploads\\\/2024\\\/11\\\/header-crno.webp\",\"contentUrl\":\"https:\\\/\\\/eichholtzbymashroom.com\\\/wp-content\\\/uploads\\\/2024\\\/11\\\/header-crno.webp\",\"width\":600,\"height\":150,\"caption\":\"MASHROOM\"},\"image\":{\"@id\":\"https:\\\/\\\/eichholtzbymashroom.com\\\/#\\\/schema\\\/logo\\\/image\\\/\"},\"sameAs\":[\"https:\\\/\\\/www.instagram.com\\\/mashroom_store_zagreb\\\/?hl=en\"]}]}<\/script>\n<!-- \/ Yoast SEO plugin. -->","yoast_head_json":{"title":"Pomo\u0107ni stoli\u0107 L\u00e9onard set od 3 komada - MASHROOM","robots":{"index":"index","follow":"follow","max-snippet":"max-snippet:-1","max-image-preview":"max-image-preview:large","max-video-preview":"max-video-preview:-1"},"canonical":"https:\/\/eichholtzbymashroom.com\/en\/product\/pomocni-stolic-leonard-set-od-3-komada\/","og_locale":"en_GB","og_type":"article","og_title":"Pomo\u0107ni stoli\u0107 L\u00e9onard set od 3 komada - MASHROOM","og_description":"Otkrijte pomo\u0107ni stoli\u0107 Eichholtz L\u00e9onard, gdje se elegantna mat-crna zavr\u0161na obrada susre\u0107e s privla\u010dno\u0161\u0107u tamnosme\u0111e umjetne ko\u017ee.","og_url":"https:\/\/eichholtzbymashroom.com\/en\/product\/pomocni-stolic-leonard-set-od-3-komada\/","og_site_name":"MASHROOM","article_modified_time":"2026-02-11T06:24:37+00:00","twitter_card":"summary_large_image","schema":{"@context":"https:\/\/schema.org","@graph":[{"@type":"WebPage","@id":"https:\/\/eichholtzbymashroom.com\/proizvod\/pomocni-stolic-leonard-set-od-3-komada\/","url":"https:\/\/eichholtzbymashroom.com\/proizvod\/pomocni-stolic-leonard-set-od-3-komada\/","name":"Pomo\u0107ni stoli\u0107 L\u00e9onard set od 3 komada - MASHROOM","isPartOf":{"@id":"https:\/\/eichholtzbymashroom.com\/#website"},"datePublished":"2026-02-11T03:37:32+00:00","dateModified":"2026-02-11T06:24:37+00:00","breadcrumb":{"@id":"https:\/\/eichholtzbymashroom.com\/proizvod\/pomocni-stolic-leonard-set-od-3-komada\/#breadcrumb"},"inLanguage":"en-GB","potentialAction":[{"@type":"ReadAction","target":["https:\/\/eichholtzbymashroom.com\/proizvod\/pomocni-stolic-leonard-set-od-3-komada\/"]}]},{"@type":"BreadcrumbList","@id":"https:\/\/eichholtzbymashroom.com\/proizvod\/pomocni-stolic-leonard-set-od-3-komada\/#breadcrumb","itemListElement":[{"@type":"ListItem","position":1,"name":"Po\u010detna stranica","item":"https:\/\/eichholtzbymashroom.com\/"},{"@type":"ListItem","position":2,"name":"Products","item":"https:\/\/eichholtzbymashroom.com\/trgovina\/"},{"@type":"ListItem","position":3,"name":"Pomo\u0107ni stoli\u0107 L\u00e9onard set od 3 komada"}]},{"@type":"WebSite","@id":"https:\/\/eichholtzbymashroom.com\/#website","url":"https:\/\/eichholtzbymashroom.com\/","name":"MASHROOM","description":"Luxury furniture that inspires","publisher":{"@id":"https:\/\/eichholtzbymashroom.com\/#organization"},"potentialAction":[{"@type":"SearchAction","target":{"@type":"EntryPoint","urlTemplate":"https:\/\/eichholtzbymashroom.com\/?s={search_term_string}"},"query-input":{"@type":"PropertyValueSpecification","valueRequired":true,"valueName":"search_term_string"}}],"inLanguage":"en-GB"},{"@type":"Organization","@id":"https:\/\/eichholtzbymashroom.com\/#organization","name":"MASHROOM","url":"https:\/\/eichholtzbymashroom.com\/","logo":{"@type":"ImageObject","inLanguage":"en-GB","@id":"https:\/\/eichholtzbymashroom.com\/#\/schema\/logo\/image\/","url":"https:\/\/eichholtzbymashroom.com\/wp-content\/uploads\/2024\/11\/header-crno.webp","contentUrl":"https:\/\/eichholtzbymashroom.com\/wp-content\/uploads\/2024\/11\/header-crno.webp","width":600,"height":150,"caption":"MASHROOM"},"image":{"@id":"https:\/\/eichholtzbymashroom.com\/#\/schema\/logo\/image\/"},"sameAs":["https:\/\/www.instagram.com\/mashroom_store_zagreb\/?hl=en"]}]}},"_links":{"self":[{"href":"https:\/\/eichholtzbymashroom.com\/en\/wp-json\/wp\/v2\/product\/3609","targetHints":{"allow":["GET"]}}],"collection":[{"href":"https:\/\/eichholtzbymashroom.com\/en\/wp-json\/wp\/v2\/product"}],"about":[{"href":"https:\/\/eichholtzbymashroom.com\/en\/wp-json\/wp\/v2\/types\/product"}],"wp:attachment":[{"href":"https:\/\/eichholtzbymashroom.com\/en\/wp-json\/wp\/v2\/media?parent=3609"}],"wp:term":[{"taxonomy":"product_brand","embeddable":true,"href":"https:\/\/eichholtzbymashroom.com\/en\/wp-json\/wp\/v2\/product_brand?post=3609"},{"taxonomy":"product_cat","embeddable":true,"href":"https:\/\/eichholtzbymashroom.com\/en\/wp-json\/wp\/v2\/product_cat?post=3609"},{"taxonomy":"product_tag","embeddable":true,"href":"https:\/\/eichholtzbymashroom.com\/en\/wp-json\/wp\/v2\/product_tag?post=3609"}],"curies":[{"name":"wp","href":"https:\/\/api.w.org\/{rel}","templated":true}]}}