{"id":3674,"date":"2026-02-11T03:37:50","date_gmt":"2026-02-11T03:37:50","guid":{"rendered":"https:\/\/eichholtzbymashroom.com\/proizvod\/svijecnjak-corwyn-set-od-2-komada\/"},"modified":"2026-02-13T02:47:52","modified_gmt":"2026-02-13T02:47:52","slug":"svijecnjak-corwyn-set-od-2-komada","status":"publish","type":"product","link":"https:\/\/eichholtzbymashroom.com\/en\/product\/svijecnjak-corwyn-set-od-2-komada\/","title":{"rendered":"Svije\u0107njak Corwyn set od 2"},"content":{"rendered":"<p>Otkrijte svije\u0107njake Eichholtz Corwyn i podignite svoju kolekciju dodataka na vi\u0161u razinu. Dio ekskluzivne serije Corwyn, ovaj set od dva svije\u0107njaka ima ru\u010dno lijevani uzorak u\u017eeta s antiknom mesinganom zavr\u0161nom obradom. Zlatni ton dodaje toplinu i luksuz, nagla\u0161avaju\u0107i sjaj svije\u0107e i stvaraju\u0107i prirodnu \u017eari\u0161nu to\u010dku. Postavite ih zajedno na blagovaonski stol ili odvojeno na police za suptilan dodir profinjenosti u svakom prostoru.<\/p>","protected":false},"excerpt":{"rendered":"<p>Otkrijte svije\u0107njake Eichholtz Corwyn i podignite svoju kolekciju dodataka na vi\u0161u razinu.<\/p>","protected":false},"featured_media":4657,"template":"","meta":[],"product_brand":[],"product_cat":[51,109,108],"product_tag":[],"class_list":{"0":"post-3674","1":"product","2":"type-product","3":"status-publish","4":"has-post-thumbnail","6":"product_cat-dodaci","7":"product_cat-svijecnjaci","8":"product_cat-svijecnjaci-i-lampioni","10":"first","11":"onbackorder","12":"virtual","13":"product-type-simple"},"yoast_head":"<!-- This site is optimized with the Yoast SEO plugin v27.4 - https:\/\/yoast.com\/product\/yoast-seo-wordpress\/ -->\n<title>Svije\u0107njak Corwyn set od 2 - MASHROOM<\/title>\n<meta name=\"robots\" content=\"index, follow, max-snippet:-1, max-image-preview:large, max-video-preview:-1\" \/>\n<link rel=\"canonical\" href=\"https:\/\/eichholtzbymashroom.com\/en\/product\/svijecnjak-corwyn-set-od-2-komada\/\" \/>\n<meta property=\"og:locale\" content=\"en_GB\" \/>\n<meta property=\"og:type\" content=\"article\" \/>\n<meta property=\"og:title\" content=\"Svije\u0107njak Corwyn set od 2 - MASHROOM\" \/>\n<meta property=\"og:description\" content=\"Otkrijte svije\u0107njake Eichholtz Corwyn i podignite svoju kolekciju dodataka na vi\u0161u razinu.\" \/>\n<meta property=\"og:url\" content=\"https:\/\/eichholtzbymashroom.com\/en\/product\/svijecnjak-corwyn-set-od-2-komada\/\" \/>\n<meta property=\"og:site_name\" content=\"MASHROOM\" \/>\n<meta property=\"article:modified_time\" content=\"2026-02-13T02:47:52+00:00\" \/>\n<meta property=\"og:image\" content=\"https:\/\/eichholtzbymashroom.com\/wp-content\/uploads\/2026\/02\/120113_0_1_1.webp\" \/>\n\t<meta property=\"og:image:width\" content=\"700\" \/>\n\t<meta property=\"og:image:height\" content=\"700\" \/>\n\t<meta property=\"og:image:type\" content=\"image\/webp\" \/>\n<meta name=\"twitter:card\" content=\"summary_large_image\" \/>\n<meta name=\"twitter:label1\" content=\"Estimated reading time\" \/>\n\t<meta name=\"twitter:data1\" content=\"1 minute\" \/>\n<script type=\"application\/ld+json\" class=\"yoast-schema-graph\">{\"@context\":\"https:\\\/\\\/schema.org\",\"@graph\":[{\"@type\":\"WebPage\",\"@id\":\"https:\\\/\\\/eichholtzbymashroom.com\\\/proizvod\\\/svijecnjak-corwyn-set-od-2-komada\\\/\",\"url\":\"https:\\\/\\\/eichholtzbymashroom.com\\\/proizvod\\\/svijecnjak-corwyn-set-od-2-komada\\\/\",\"name\":\"Svije\u0107njak Corwyn set od 2 - MASHROOM\",\"isPartOf\":{\"@id\":\"https:\\\/\\\/eichholtzbymashroom.com\\\/#website\"},\"primaryImageOfPage\":{\"@id\":\"https:\\\/\\\/eichholtzbymashroom.com\\\/proizvod\\\/svijecnjak-corwyn-set-od-2-komada\\\/#primaryimage\"},\"image\":{\"@id\":\"https:\\\/\\\/eichholtzbymashroom.com\\\/proizvod\\\/svijecnjak-corwyn-set-od-2-komada\\\/#primaryimage\"},\"thumbnailUrl\":\"https:\\\/\\\/eichholtzbymashroom.com\\\/wp-content\\\/uploads\\\/2026\\\/02\\\/120113_0_1_1.webp\",\"datePublished\":\"2026-02-11T03:37:50+00:00\",\"dateModified\":\"2026-02-13T02:47:52+00:00\",\"breadcrumb\":{\"@id\":\"https:\\\/\\\/eichholtzbymashroom.com\\\/proizvod\\\/svijecnjak-corwyn-set-od-2-komada\\\/#breadcrumb\"},\"inLanguage\":\"en-GB\",\"potentialAction\":[{\"@type\":\"ReadAction\",\"target\":[\"https:\\\/\\\/eichholtzbymashroom.com\\\/proizvod\\\/svijecnjak-corwyn-set-od-2-komada\\\/\"]}]},{\"@type\":\"ImageObject\",\"inLanguage\":\"en-GB\",\"@id\":\"https:\\\/\\\/eichholtzbymashroom.com\\\/proizvod\\\/svijecnjak-corwyn-set-od-2-komada\\\/#primaryimage\",\"url\":\"https:\\\/\\\/eichholtzbymashroom.com\\\/wp-content\\\/uploads\\\/2026\\\/02\\\/120113_0_1_1.webp\",\"contentUrl\":\"https:\\\/\\\/eichholtzbymashroom.com\\\/wp-content\\\/uploads\\\/2026\\\/02\\\/120113_0_1_1.webp\",\"width\":700,\"height\":700},{\"@type\":\"BreadcrumbList\",\"@id\":\"https:\\\/\\\/eichholtzbymashroom.com\\\/proizvod\\\/svijecnjak-corwyn-set-od-2-komada\\\/#breadcrumb\",\"itemListElement\":[{\"@type\":\"ListItem\",\"position\":1,\"name\":\"Po\u010detna stranica\",\"item\":\"https:\\\/\\\/eichholtzbymashroom.com\\\/\"},{\"@type\":\"ListItem\",\"position\":2,\"name\":\"Products\",\"item\":\"https:\\\/\\\/eichholtzbymashroom.com\\\/trgovina\\\/\"},{\"@type\":\"ListItem\",\"position\":3,\"name\":\"Svije\u0107njak Corwyn set od 2\"}]},{\"@type\":\"WebSite\",\"@id\":\"https:\\\/\\\/eichholtzbymashroom.com\\\/#website\",\"url\":\"https:\\\/\\\/eichholtzbymashroom.com\\\/\",\"name\":\"MASHROOM\",\"description\":\"Luksuzni namje\u0161taj koji inspirira\",\"publisher\":{\"@id\":\"https:\\\/\\\/eichholtzbymashroom.com\\\/#organization\"},\"potentialAction\":[{\"@type\":\"SearchAction\",\"target\":{\"@type\":\"EntryPoint\",\"urlTemplate\":\"https:\\\/\\\/eichholtzbymashroom.com\\\/?s={search_term_string}\"},\"query-input\":{\"@type\":\"PropertyValueSpecification\",\"valueRequired\":true,\"valueName\":\"search_term_string\"}}],\"inLanguage\":\"en-GB\"},{\"@type\":\"Organization\",\"@id\":\"https:\\\/\\\/eichholtzbymashroom.com\\\/#organization\",\"name\":\"MASHROOM\",\"url\":\"https:\\\/\\\/eichholtzbymashroom.com\\\/\",\"logo\":{\"@type\":\"ImageObject\",\"inLanguage\":\"en-GB\",\"@id\":\"https:\\\/\\\/eichholtzbymashroom.com\\\/#\\\/schema\\\/logo\\\/image\\\/\",\"url\":\"https:\\\/\\\/eichholtzbymashroom.com\\\/wp-content\\\/uploads\\\/2024\\\/11\\\/header-crno.webp\",\"contentUrl\":\"https:\\\/\\\/eichholtzbymashroom.com\\\/wp-content\\\/uploads\\\/2024\\\/11\\\/header-crno.webp\",\"width\":600,\"height\":150,\"caption\":\"MASHROOM\"},\"image\":{\"@id\":\"https:\\\/\\\/eichholtzbymashroom.com\\\/#\\\/schema\\\/logo\\\/image\\\/\"},\"sameAs\":[\"https:\\\/\\\/www.instagram.com\\\/mashroom_store_zagreb\\\/?hl=en\"]}]}<\/script>\n<!-- \/ Yoast SEO plugin. -->","yoast_head_json":{"title":"Svije\u0107njak Corwyn set od 2 - MASHROOM","robots":{"index":"index","follow":"follow","max-snippet":"max-snippet:-1","max-image-preview":"max-image-preview:large","max-video-preview":"max-video-preview:-1"},"canonical":"https:\/\/eichholtzbymashroom.com\/en\/product\/svijecnjak-corwyn-set-od-2-komada\/","og_locale":"en_GB","og_type":"article","og_title":"Svije\u0107njak Corwyn set od 2 - MASHROOM","og_description":"Otkrijte svije\u0107njake Eichholtz Corwyn i podignite svoju kolekciju dodataka na vi\u0161u razinu.","og_url":"https:\/\/eichholtzbymashroom.com\/en\/product\/svijecnjak-corwyn-set-od-2-komada\/","og_site_name":"MASHROOM","article_modified_time":"2026-02-13T02:47:52+00:00","og_image":[{"width":700,"height":700,"url":"https:\/\/eichholtzbymashroom.com\/wp-content\/uploads\/2026\/02\/120113_0_1_1.webp","type":"image\/webp"}],"twitter_card":"summary_large_image","twitter_misc":{"Estimated reading time":"1 minute"},"schema":{"@context":"https:\/\/schema.org","@graph":[{"@type":"WebPage","@id":"https:\/\/eichholtzbymashroom.com\/proizvod\/svijecnjak-corwyn-set-od-2-komada\/","url":"https:\/\/eichholtzbymashroom.com\/proizvod\/svijecnjak-corwyn-set-od-2-komada\/","name":"Svije\u0107njak Corwyn set od 2 - MASHROOM","isPartOf":{"@id":"https:\/\/eichholtzbymashroom.com\/#website"},"primaryImageOfPage":{"@id":"https:\/\/eichholtzbymashroom.com\/proizvod\/svijecnjak-corwyn-set-od-2-komada\/#primaryimage"},"image":{"@id":"https:\/\/eichholtzbymashroom.com\/proizvod\/svijecnjak-corwyn-set-od-2-komada\/#primaryimage"},"thumbnailUrl":"https:\/\/eichholtzbymashroom.com\/wp-content\/uploads\/2026\/02\/120113_0_1_1.webp","datePublished":"2026-02-11T03:37:50+00:00","dateModified":"2026-02-13T02:47:52+00:00","breadcrumb":{"@id":"https:\/\/eichholtzbymashroom.com\/proizvod\/svijecnjak-corwyn-set-od-2-komada\/#breadcrumb"},"inLanguage":"en-GB","potentialAction":[{"@type":"ReadAction","target":["https:\/\/eichholtzbymashroom.com\/proizvod\/svijecnjak-corwyn-set-od-2-komada\/"]}]},{"@type":"ImageObject","inLanguage":"en-GB","@id":"https:\/\/eichholtzbymashroom.com\/proizvod\/svijecnjak-corwyn-set-od-2-komada\/#primaryimage","url":"https:\/\/eichholtzbymashroom.com\/wp-content\/uploads\/2026\/02\/120113_0_1_1.webp","contentUrl":"https:\/\/eichholtzbymashroom.com\/wp-content\/uploads\/2026\/02\/120113_0_1_1.webp","width":700,"height":700},{"@type":"BreadcrumbList","@id":"https:\/\/eichholtzbymashroom.com\/proizvod\/svijecnjak-corwyn-set-od-2-komada\/#breadcrumb","itemListElement":[{"@type":"ListItem","position":1,"name":"Po\u010detna stranica","item":"https:\/\/eichholtzbymashroom.com\/"},{"@type":"ListItem","position":2,"name":"Products","item":"https:\/\/eichholtzbymashroom.com\/trgovina\/"},{"@type":"ListItem","position":3,"name":"Svije\u0107njak Corwyn set od 2"}]},{"@type":"WebSite","@id":"https:\/\/eichholtzbymashroom.com\/#website","url":"https:\/\/eichholtzbymashroom.com\/","name":"MASHROOM","description":"Luxury furniture that inspires","publisher":{"@id":"https:\/\/eichholtzbymashroom.com\/#organization"},"potentialAction":[{"@type":"SearchAction","target":{"@type":"EntryPoint","urlTemplate":"https:\/\/eichholtzbymashroom.com\/?s={search_term_string}"},"query-input":{"@type":"PropertyValueSpecification","valueRequired":true,"valueName":"search_term_string"}}],"inLanguage":"en-GB"},{"@type":"Organization","@id":"https:\/\/eichholtzbymashroom.com\/#organization","name":"MASHROOM","url":"https:\/\/eichholtzbymashroom.com\/","logo":{"@type":"ImageObject","inLanguage":"en-GB","@id":"https:\/\/eichholtzbymashroom.com\/#\/schema\/logo\/image\/","url":"https:\/\/eichholtzbymashroom.com\/wp-content\/uploads\/2024\/11\/header-crno.webp","contentUrl":"https:\/\/eichholtzbymashroom.com\/wp-content\/uploads\/2024\/11\/header-crno.webp","width":600,"height":150,"caption":"MASHROOM"},"image":{"@id":"https:\/\/eichholtzbymashroom.com\/#\/schema\/logo\/image\/"},"sameAs":["https:\/\/www.instagram.com\/mashroom_store_zagreb\/?hl=en"]}]}},"_links":{"self":[{"href":"https:\/\/eichholtzbymashroom.com\/en\/wp-json\/wp\/v2\/product\/3674","targetHints":{"allow":["GET"]}}],"collection":[{"href":"https:\/\/eichholtzbymashroom.com\/en\/wp-json\/wp\/v2\/product"}],"about":[{"href":"https:\/\/eichholtzbymashroom.com\/en\/wp-json\/wp\/v2\/types\/product"}],"wp:featuredmedia":[{"embeddable":true,"href":"https:\/\/eichholtzbymashroom.com\/en\/wp-json\/wp\/v2\/media\/4657"}],"wp:attachment":[{"href":"https:\/\/eichholtzbymashroom.com\/en\/wp-json\/wp\/v2\/media?parent=3674"}],"wp:term":[{"taxonomy":"product_brand","embeddable":true,"href":"https:\/\/eichholtzbymashroom.com\/en\/wp-json\/wp\/v2\/product_brand?post=3674"},{"taxonomy":"product_cat","embeddable":true,"href":"https:\/\/eichholtzbymashroom.com\/en\/wp-json\/wp\/v2\/product_cat?post=3674"},{"taxonomy":"product_tag","embeddable":true,"href":"https:\/\/eichholtzbymashroom.com\/en\/wp-json\/wp\/v2\/product_tag?post=3674"}],"curies":[{"name":"wp","href":"https:\/\/api.w.org\/{rel}","templated":true}]}}