{"id":3705,"date":"2026-02-11T03:37:57","date_gmt":"2026-02-11T03:37:57","guid":{"rendered":"https:\/\/eichholtzbymashroom.com\/proizvod\/vaza-calista-m\/"},"modified":"2026-02-12T08:42:11","modified_gmt":"2026-02-12T08:42:11","slug":"vaza-calista-m","status":"publish","type":"product","link":"https:\/\/eichholtzbymashroom.com\/en\/product\/vaza-calista-m\/","title":{"rendered":"Vaza Calista M"},"content":{"rendered":"<p>Unaprijedite svoju kolekciju dodataka stru\u010dno izra\u0111enom vazom Eichholtz Calista. Izra\u0111ena od matiranog stakla, ova jedinstvena vaza ukra\u0161ena je ru\u010dno rezanim uzorkom koji hvata svjetlost za suptilan sjaj. Svaki je komad ru\u010dno izra\u0111en, osiguravaju\u0107i jedinstvenu igru teksture i prozra\u010dnosti. Elegantna i profinjena, ova Eichholtz dekoracija unosi da\u0161ak zanatske sofisticiranosti na svaki stol.<\/p>","protected":false},"excerpt":{"rendered":"<p>Unaprijedite svoju kolekciju dodataka stru\u010dno izra\u0111enom vazom Eichholtz Calista.<\/p>","protected":false},"featured_media":4404,"template":"","meta":[],"product_brand":[],"product_cat":[51,125,124],"product_tag":[],"class_list":{"0":"post-3705","1":"product","2":"type-product","3":"status-publish","4":"has-post-thumbnail","6":"product_cat-dodaci","7":"product_cat-vaze","8":"product_cat-vaze-i-tegle-za-biljke","10":"first","11":"onbackorder","12":"virtual","13":"product-type-simple"},"yoast_head":"<!-- This site is optimized with the Yoast SEO plugin v27.5 - https:\/\/yoast.com\/product\/yoast-seo-wordpress\/ -->\n<title>Vaza Calista M - MASHROOM<\/title>\n<meta name=\"robots\" content=\"index, follow, max-snippet:-1, max-image-preview:large, max-video-preview:-1\" \/>\n<link rel=\"canonical\" href=\"https:\/\/eichholtzbymashroom.com\/en\/product\/vaza-calista-m\/\" \/>\n<meta property=\"og:locale\" content=\"en_GB\" \/>\n<meta property=\"og:type\" content=\"article\" \/>\n<meta property=\"og:title\" content=\"Vaza Calista M - MASHROOM\" \/>\n<meta property=\"og:description\" content=\"Unaprijedite svoju kolekciju dodataka stru\u010dno izra\u0111enom vazom Eichholtz Calista.\" \/>\n<meta property=\"og:url\" content=\"https:\/\/eichholtzbymashroom.com\/en\/product\/vaza-calista-m\/\" \/>\n<meta property=\"og:site_name\" content=\"MASHROOM\" \/>\n<meta property=\"article:modified_time\" content=\"2026-02-12T08:42:11+00:00\" \/>\n<meta property=\"og:image\" content=\"https:\/\/eichholtzbymashroom.com\/wp-content\/uploads\/2026\/02\/120044_0_1_1.webp\" \/>\n\t<meta property=\"og:image:width\" content=\"700\" \/>\n\t<meta property=\"og:image:height\" content=\"700\" \/>\n\t<meta property=\"og:image:type\" content=\"image\/webp\" \/>\n<meta name=\"twitter:card\" content=\"summary_large_image\" \/>\n<meta name=\"twitter:label1\" content=\"Estimated reading time\" \/>\n\t<meta name=\"twitter:data1\" content=\"1 minute\" \/>\n<script type=\"application\/ld+json\" class=\"yoast-schema-graph\">{\"@context\":\"https:\\\/\\\/schema.org\",\"@graph\":[{\"@type\":\"WebPage\",\"@id\":\"https:\\\/\\\/eichholtzbymashroom.com\\\/proizvod\\\/vaza-calista-m\\\/\",\"url\":\"https:\\\/\\\/eichholtzbymashroom.com\\\/proizvod\\\/vaza-calista-m\\\/\",\"name\":\"Vaza Calista M - MASHROOM\",\"isPartOf\":{\"@id\":\"https:\\\/\\\/eichholtzbymashroom.com\\\/#website\"},\"primaryImageOfPage\":{\"@id\":\"https:\\\/\\\/eichholtzbymashroom.com\\\/proizvod\\\/vaza-calista-m\\\/#primaryimage\"},\"image\":{\"@id\":\"https:\\\/\\\/eichholtzbymashroom.com\\\/proizvod\\\/vaza-calista-m\\\/#primaryimage\"},\"thumbnailUrl\":\"https:\\\/\\\/eichholtzbymashroom.com\\\/wp-content\\\/uploads\\\/2026\\\/02\\\/120044_0_1_1.webp\",\"datePublished\":\"2026-02-11T03:37:57+00:00\",\"dateModified\":\"2026-02-12T08:42:11+00:00\",\"breadcrumb\":{\"@id\":\"https:\\\/\\\/eichholtzbymashroom.com\\\/proizvod\\\/vaza-calista-m\\\/#breadcrumb\"},\"inLanguage\":\"en-GB\",\"potentialAction\":[{\"@type\":\"ReadAction\",\"target\":[\"https:\\\/\\\/eichholtzbymashroom.com\\\/proizvod\\\/vaza-calista-m\\\/\"]}]},{\"@type\":\"ImageObject\",\"inLanguage\":\"en-GB\",\"@id\":\"https:\\\/\\\/eichholtzbymashroom.com\\\/proizvod\\\/vaza-calista-m\\\/#primaryimage\",\"url\":\"https:\\\/\\\/eichholtzbymashroom.com\\\/wp-content\\\/uploads\\\/2026\\\/02\\\/120044_0_1_1.webp\",\"contentUrl\":\"https:\\\/\\\/eichholtzbymashroom.com\\\/wp-content\\\/uploads\\\/2026\\\/02\\\/120044_0_1_1.webp\",\"width\":700,\"height\":700},{\"@type\":\"BreadcrumbList\",\"@id\":\"https:\\\/\\\/eichholtzbymashroom.com\\\/proizvod\\\/vaza-calista-m\\\/#breadcrumb\",\"itemListElement\":[{\"@type\":\"ListItem\",\"position\":1,\"name\":\"Po\u010detna stranica\",\"item\":\"https:\\\/\\\/eichholtzbymashroom.com\\\/\"},{\"@type\":\"ListItem\",\"position\":2,\"name\":\"Products\",\"item\":\"https:\\\/\\\/eichholtzbymashroom.com\\\/trgovina\\\/\"},{\"@type\":\"ListItem\",\"position\":3,\"name\":\"Vaza Calista M\"}]},{\"@type\":\"WebSite\",\"@id\":\"https:\\\/\\\/eichholtzbymashroom.com\\\/#website\",\"url\":\"https:\\\/\\\/eichholtzbymashroom.com\\\/\",\"name\":\"MASHROOM\",\"description\":\"Luksuzni namje\u0161taj koji inspirira\",\"publisher\":{\"@id\":\"https:\\\/\\\/eichholtzbymashroom.com\\\/#organization\"},\"potentialAction\":[{\"@type\":\"SearchAction\",\"target\":{\"@type\":\"EntryPoint\",\"urlTemplate\":\"https:\\\/\\\/eichholtzbymashroom.com\\\/?s={search_term_string}\"},\"query-input\":{\"@type\":\"PropertyValueSpecification\",\"valueRequired\":true,\"valueName\":\"search_term_string\"}}],\"inLanguage\":\"en-GB\"},{\"@type\":\"Organization\",\"@id\":\"https:\\\/\\\/eichholtzbymashroom.com\\\/#organization\",\"name\":\"MASHROOM\",\"url\":\"https:\\\/\\\/eichholtzbymashroom.com\\\/\",\"logo\":{\"@type\":\"ImageObject\",\"inLanguage\":\"en-GB\",\"@id\":\"https:\\\/\\\/eichholtzbymashroom.com\\\/#\\\/schema\\\/logo\\\/image\\\/\",\"url\":\"https:\\\/\\\/eichholtzbymashroom.com\\\/wp-content\\\/uploads\\\/2024\\\/11\\\/header-crno.webp\",\"contentUrl\":\"https:\\\/\\\/eichholtzbymashroom.com\\\/wp-content\\\/uploads\\\/2024\\\/11\\\/header-crno.webp\",\"width\":600,\"height\":150,\"caption\":\"MASHROOM\"},\"image\":{\"@id\":\"https:\\\/\\\/eichholtzbymashroom.com\\\/#\\\/schema\\\/logo\\\/image\\\/\"},\"sameAs\":[\"https:\\\/\\\/www.instagram.com\\\/mashroom_store_zagreb\\\/?hl=en\"]}]}<\/script>\n<!-- \/ Yoast SEO plugin. -->","yoast_head_json":{"title":"Vaza Calista M - MASHROOM","robots":{"index":"index","follow":"follow","max-snippet":"max-snippet:-1","max-image-preview":"max-image-preview:large","max-video-preview":"max-video-preview:-1"},"canonical":"https:\/\/eichholtzbymashroom.com\/en\/product\/vaza-calista-m\/","og_locale":"en_GB","og_type":"article","og_title":"Vaza Calista M - MASHROOM","og_description":"Unaprijedite svoju kolekciju dodataka stru\u010dno izra\u0111enom vazom Eichholtz Calista.","og_url":"https:\/\/eichholtzbymashroom.com\/en\/product\/vaza-calista-m\/","og_site_name":"MASHROOM","article_modified_time":"2026-02-12T08:42:11+00:00","og_image":[{"width":700,"height":700,"url":"https:\/\/eichholtzbymashroom.com\/wp-content\/uploads\/2026\/02\/120044_0_1_1.webp","type":"image\/webp"}],"twitter_card":"summary_large_image","twitter_misc":{"Estimated reading time":"1 minute"},"schema":{"@context":"https:\/\/schema.org","@graph":[{"@type":"WebPage","@id":"https:\/\/eichholtzbymashroom.com\/proizvod\/vaza-calista-m\/","url":"https:\/\/eichholtzbymashroom.com\/proizvod\/vaza-calista-m\/","name":"Vaza Calista M - MASHROOM","isPartOf":{"@id":"https:\/\/eichholtzbymashroom.com\/#website"},"primaryImageOfPage":{"@id":"https:\/\/eichholtzbymashroom.com\/proizvod\/vaza-calista-m\/#primaryimage"},"image":{"@id":"https:\/\/eichholtzbymashroom.com\/proizvod\/vaza-calista-m\/#primaryimage"},"thumbnailUrl":"https:\/\/eichholtzbymashroom.com\/wp-content\/uploads\/2026\/02\/120044_0_1_1.webp","datePublished":"2026-02-11T03:37:57+00:00","dateModified":"2026-02-12T08:42:11+00:00","breadcrumb":{"@id":"https:\/\/eichholtzbymashroom.com\/proizvod\/vaza-calista-m\/#breadcrumb"},"inLanguage":"en-GB","potentialAction":[{"@type":"ReadAction","target":["https:\/\/eichholtzbymashroom.com\/proizvod\/vaza-calista-m\/"]}]},{"@type":"ImageObject","inLanguage":"en-GB","@id":"https:\/\/eichholtzbymashroom.com\/proizvod\/vaza-calista-m\/#primaryimage","url":"https:\/\/eichholtzbymashroom.com\/wp-content\/uploads\/2026\/02\/120044_0_1_1.webp","contentUrl":"https:\/\/eichholtzbymashroom.com\/wp-content\/uploads\/2026\/02\/120044_0_1_1.webp","width":700,"height":700},{"@type":"BreadcrumbList","@id":"https:\/\/eichholtzbymashroom.com\/proizvod\/vaza-calista-m\/#breadcrumb","itemListElement":[{"@type":"ListItem","position":1,"name":"Po\u010detna stranica","item":"https:\/\/eichholtzbymashroom.com\/"},{"@type":"ListItem","position":2,"name":"Products","item":"https:\/\/eichholtzbymashroom.com\/trgovina\/"},{"@type":"ListItem","position":3,"name":"Vaza Calista M"}]},{"@type":"WebSite","@id":"https:\/\/eichholtzbymashroom.com\/#website","url":"https:\/\/eichholtzbymashroom.com\/","name":"MASHROOM","description":"Luxury furniture that inspires","publisher":{"@id":"https:\/\/eichholtzbymashroom.com\/#organization"},"potentialAction":[{"@type":"SearchAction","target":{"@type":"EntryPoint","urlTemplate":"https:\/\/eichholtzbymashroom.com\/?s={search_term_string}"},"query-input":{"@type":"PropertyValueSpecification","valueRequired":true,"valueName":"search_term_string"}}],"inLanguage":"en-GB"},{"@type":"Organization","@id":"https:\/\/eichholtzbymashroom.com\/#organization","name":"MASHROOM","url":"https:\/\/eichholtzbymashroom.com\/","logo":{"@type":"ImageObject","inLanguage":"en-GB","@id":"https:\/\/eichholtzbymashroom.com\/#\/schema\/logo\/image\/","url":"https:\/\/eichholtzbymashroom.com\/wp-content\/uploads\/2024\/11\/header-crno.webp","contentUrl":"https:\/\/eichholtzbymashroom.com\/wp-content\/uploads\/2024\/11\/header-crno.webp","width":600,"height":150,"caption":"MASHROOM"},"image":{"@id":"https:\/\/eichholtzbymashroom.com\/#\/schema\/logo\/image\/"},"sameAs":["https:\/\/www.instagram.com\/mashroom_store_zagreb\/?hl=en"]}]}},"_links":{"self":[{"href":"https:\/\/eichholtzbymashroom.com\/en\/wp-json\/wp\/v2\/product\/3705","targetHints":{"allow":["GET"]}}],"collection":[{"href":"https:\/\/eichholtzbymashroom.com\/en\/wp-json\/wp\/v2\/product"}],"about":[{"href":"https:\/\/eichholtzbymashroom.com\/en\/wp-json\/wp\/v2\/types\/product"}],"wp:featuredmedia":[{"embeddable":true,"href":"https:\/\/eichholtzbymashroom.com\/en\/wp-json\/wp\/v2\/media\/4404"}],"wp:attachment":[{"href":"https:\/\/eichholtzbymashroom.com\/en\/wp-json\/wp\/v2\/media?parent=3705"}],"wp:term":[{"taxonomy":"product_brand","embeddable":true,"href":"https:\/\/eichholtzbymashroom.com\/en\/wp-json\/wp\/v2\/product_brand?post=3705"},{"taxonomy":"product_cat","embeddable":true,"href":"https:\/\/eichholtzbymashroom.com\/en\/wp-json\/wp\/v2\/product_cat?post=3705"},{"taxonomy":"product_tag","embeddable":true,"href":"https:\/\/eichholtzbymashroom.com\/en\/wp-json\/wp\/v2\/product_tag?post=3705"}],"curies":[{"name":"wp","href":"https:\/\/api.w.org\/{rel}","templated":true}]}}